{"id":32723,"date":"2023-05-03T08:34:55","date_gmt":"2023-05-03T08:34:55","guid":{"rendered":"https:\/\/winterfield.es\/privacy-policy\/"},"modified":"2023-06-20T08:08:29","modified_gmt":"2023-06-20T08:08:29","slug":"politique-confidentialite","status":"publish","type":"page","link":"https:\/\/www.winterfield.es\/fr\/politique-confidentialite\/","title":{"rendered":"Politique de Confidentialit\u00e9"},"content":{"rendered":"\t\t<div data-elementor-type=\"wp-page\" data-elementor-id=\"32723\" class=\"elementor elementor-32723 elementor-32271\">\n\t\t\t\t\t\t\t\t\t<section class=\"elementor-section elementor-top-section elementor-element elementor-element-31936e3f animated-slow elementor-section-content-middle elementor-section-stretched elementor-section-boxed elementor-section-height-default elementor-section-height-default elementor-invisible\" data-id=\"31936e3f\" data-element_type=\"section\" data-settings=\"{&quot;background_background&quot;:&quot;classic&quot;,&quot;animation&quot;:&quot;fadeIn&quot;,&quot;stretch_section&quot;:&quot;section-stretched&quot;,&quot;shape_divider_bottom&quot;:&quot;arrow&quot;,&quot;shape_divider_bottom_negative&quot;:&quot;yes&quot;}\">\n\t\t\t\t\t\t\t<div class=\"elementor-background-overlay\"><\/div>\n\t\t\t\t\t\t<div class=\"elementor-shape elementor-shape-bottom\" data-negative=\"true\">\n\t\t\t<svg xmlns=\"http:\/\/www.w3.org\/2000\/svg\" viewBox=\"0 0 700 10\" preserveAspectRatio=\"none\">\n\t<path class=\"elementor-shape-fill\" d=\"M360 0L350 9.9 340 0 0 0 0 10 700 10 700 0\"\/>\n<\/svg>\t\t<\/div>\n\t\t\t\t\t<div class=\"elementor-container elementor-column-gap-no\">\n\t\t\t\t\t<div class=\"elementor-column elementor-col-100 elementor-top-column elementor-element elementor-element-5a0e78e0\" data-id=\"5a0e78e0\" data-element_type=\"column\" data-settings=\"{&quot;background_background&quot;:&quot;classic&quot;}\">\n\t\t\t<div class=\"elementor-widget-wrap elementor-element-populated\">\n\t\t\t\t\t\t\t\t<div class=\"elementor-element elementor-element-3c9de0ae elementor-widget elementor-widget-heading\" data-id=\"3c9de0ae\" data-element_type=\"widget\" data-widget_type=\"heading.default\">\n\t\t\t\t<div class=\"elementor-widget-container\">\n\t\t\t<style>\/*! elementor - v3.12.1 - 02-04-2023 *\/\n.elementor-heading-title{padding:0;margin:0;line-height:1}.elementor-widget-heading .elementor-heading-title[class*=elementor-size-]>a{color:inherit;font-size:inherit;line-height:inherit}.elementor-widget-heading .elementor-heading-title.elementor-size-small{font-size:15px}.elementor-widget-heading .elementor-heading-title.elementor-size-medium{font-size:19px}.elementor-widget-heading .elementor-heading-title.elementor-size-large{font-size:29px}.elementor-widget-heading .elementor-heading-title.elementor-size-xl{font-size:39px}.elementor-widget-heading .elementor-heading-title.elementor-size-xxl{font-size:59px}<\/style><h2 class=\"elementor-heading-title elementor-size-default\">Politique de Confidentialit\u00e9<\/h2>\t\t<\/div>\n\t\t\t\t<\/div>\n\t\t\t\t\t<\/div>\n\t\t<\/div>\n\t\t\t\t\t\t\t<\/div>\n\t\t<\/section>\n\t\t\t\t<section class=\"elementor-section elementor-top-section elementor-element elementor-element-b611cc2 elementor-section-boxed elementor-section-height-default elementor-section-height-default\" data-id=\"b611cc2\" data-element_type=\"section\">\n\t\t\t\t\t\t<div class=\"elementor-container elementor-column-gap-wider\">\n\t\t\t\t\t<div class=\"elementor-column elementor-col-100 elementor-top-column elementor-element elementor-element-f852d16\" data-id=\"f852d16\" data-element_type=\"column\">\n\t\t\t<div class=\"elementor-widget-wrap elementor-element-populated\">\n\t\t\t\t\t\t\t\t<div class=\"elementor-element elementor-element-6eefbca elementor-widget__width-initial elementor-invisible elementor-widget elementor-widget-text-editor\" data-id=\"6eefbca\" data-element_type=\"widget\" data-settings=\"{&quot;_animation&quot;:&quot;fadeIn&quot;,&quot;_animation_delay&quot;:50}\" data-widget_type=\"text-editor.default\">\n\t\t\t\t<div class=\"elementor-widget-container\">\n\t\t\t<style>\/*! elementor - v3.12.1 - 02-04-2023 *\/\n.elementor-widget-text-editor.elementor-drop-cap-view-stacked .elementor-drop-cap{background-color:#69727d;color:#fff}.elementor-widget-text-editor.elementor-drop-cap-view-framed .elementor-drop-cap{color:#69727d;border:3px solid;background-color:transparent}.elementor-widget-text-editor:not(.elementor-drop-cap-view-default) .elementor-drop-cap{margin-top:8px}.elementor-widget-text-editor:not(.elementor-drop-cap-view-default) .elementor-drop-cap-letter{width:1em;height:1em}.elementor-widget-text-editor .elementor-drop-cap{float:left;text-align:center;line-height:1;font-size:50px}.elementor-widget-text-editor .elementor-drop-cap-letter{display:inline-block}<\/style>\t\t\t\t<h3><b>RESPONSABLE DU TRAITEMENT DE VOS DONN\u00c9ES PERSONNELLES<\/b><\/h3>\n<h3><span style=\"font-family: Quicksand; font-size: 17px;\">Winterfield S.L.<\/span><\/h3>\n<h3><b style=\"font-size: 16px;\">CIF:<\/b><span style=\"font-size: 16px;\"> B50768217<\/span><\/h3>\n<p><b>Adresse:<\/b>&nbsp;<a href=\"https:\/\/goo.gl\/maps\/oznKoG5LUqvNqdVu7\" target=\"_blank\" rel=\"noopener\">Hacienda Beach II-III, n\u00ba 160<\/a><br><b>E-mail:<\/b> <a href=\"mailto:info@winterfield.com\">info@winterfield.com<\/a><br><b>T\u00e9l\u00e9phone:<\/b> <a href=\"tel:34607858685\">607858685<\/a><br><b>Site web<\/b>: www.winterfield.es<\/p>\n<p>Ce document vous fournit des informations sur la mani\u00e8re dont nous collectons et traitons vos donn\u00e9es \u00e0 caract\u00e8re personnel dans le cadre de l&rsquo;utilisation de notre site web www.winterfield.es.<\/p>\n<p>Chez WINTERFIELD, nous nous engageons \u00e0 prot\u00e9ger la vie priv\u00e9e de tous les utilisateurs qui nous ont offert leurs donn\u00e9es personnelles et nous vous informons que ces donn\u00e9es seront trait\u00e9es conform\u00e9ment aux dispositions de la r\u00e9glementation en vigueur sur la protection des donn\u00e9es personnelles, le R\u00e8glement (UE) 2016\/679 du Parlement europ\u00e9en et du Conseil du 27 avril 2016 relatif \u00e0 la protection des personnes physiques \u00e0 l&rsquo;\u00e9gard du traitement de leurs donn\u00e9es \u00e0 caract\u00e8re personnel et \u00e0 la libre circulation de ces donn\u00e9es.<\/p>\n<h3><b>TYPOLOGIE DES DONN\u00c9ES OBTENUES<\/b><br><\/h3>\n<p>Sur notre site web, nous pouvons traiter certains types de donn\u00e9es personnelles, notamment le nom, le pr\u00e9nom, l&rsquo;adresse \u00e9lectronique, l&rsquo;adresse et le t\u00e9l\u00e9phone, et nous recevons sporadiquement, en cas de candidature \u00e0 un poste, des donn\u00e9es acad\u00e9miques et professionnelles.<\/p>\n<p>Nous ne collectons en aucun cas des donn\u00e9es relatives \u00e0 l&rsquo;origine raciale ou ethnique, \u00e0 l&rsquo;id\u00e9ologie politique, religieuse ou philosophique, \u00e0 l&rsquo;appartenance syndicale, aux donn\u00e9es g\u00e9n\u00e9tiques et biom\u00e9triques, aux donn\u00e9es relatives \u00e0 la sant\u00e9 et \u00e0 l&rsquo;orientation sexuelle des personnes dont les donn\u00e9es sont trait\u00e9es, ni des donn\u00e9es pr\u00e9sentant un risque \u00e9lev\u00e9 pour les droits et libert\u00e9s des personnes.<\/p>\n<p>L&rsquo;utilisateur d\u00e9clare que toutes les donn\u00e9es qu&rsquo;il a fournies sont correctes et v\u00e9ridiques, et s&rsquo;engage \u00e0 les maintenir \u00e0 jour en communiquant tout changement \u00e0 WINTERFIELD. Dans le cas o\u00f9 l&rsquo;utilisateur fournit les donn\u00e9es d&rsquo;un tiers, il d\u00e9clare avoir le consentement de ce dernier et s&rsquo;engage \u00e0 transmettre les informations fournies. WINTERFIELD est exon\u00e9r\u00e9 de toute responsabilit\u00e9 pouvant d\u00e9couler de cet aspect.<\/p>\n<h3><b>PROTECTION DES DONN\u00c9ES PERSONNELLES<\/b><br><\/h3>\n<p>Toutes les donn\u00e9es personnelles trait\u00e9es dans WINTERFIELD sont fournies par les int\u00e9ress\u00e9s eux-m\u00eames ou par leurs repr\u00e9sentants l\u00e9gaux, et nous vous informons que les donn\u00e9es personnelles collect\u00e9es par le biais des formulaires du site www.winterfield.es.com sont incluses dans les fichiers automatis\u00e9s sp\u00e9cifiques des utilisateurs des services WINTERFIELD.<\/p>\n<p>WINTERFIELD a pris les mesures n\u00e9cessaires pour assurer la s\u00e9curit\u00e9, l&rsquo;int\u00e9grit\u00e9 et la confidentialit\u00e9 des donn\u00e9es conform\u00e9ment aux dispositions du R\u00e8glement (UE) 2016\/679 du Parlement europ\u00e9en et du Conseil du 27 avril 2016 relatif \u00e0 la protection des personnes physiques \u00e0 l&rsquo;\u00e9gard du traitement des donn\u00e9es \u00e0 caract\u00e8re personnel et \u00e0 la libre circulation de ces donn\u00e9es.<\/p>\n<p>WINTERFIELD se r\u00e9serve le droit de modifier sa politique de s\u00e9curit\u00e9 et de protection des donn\u00e9es afin de l&rsquo;adapter aux nouveaux d\u00e9veloppements l\u00e9gislatifs ou jurisprudentiels, ainsi qu&rsquo;\u00e0 ceux pouvant d\u00e9couler des codes standards existants en la mati\u00e8re, ou par des d\u00e9cisions strat\u00e9giques d&rsquo;entreprise, avec effet \u00e0 la date de publication de cette modification sur le site web de WINTERFIELD.<\/p>\n<p>WINTERFIELD n&rsquo;effectuera pas de transferts internationaux de donn\u00e9es personnelles sans votre consentement explicite.<\/p>\n<h3><b>LES MODALIT\u00c9S DE COLLECTE DES DONN\u00c9ES \u00c0 CARACT\u00c8RE PERSONNEL<\/b><br><\/h3>\n<p>WINTERFIELD envisage plusieurs mani\u00e8res de collecter les donn\u00e9es trait\u00e9es :<\/p>\n<p>&#8211; Formulaire sur notre site web, notre site de contact ou par les moyens de communication traditionnels. Les utilisateurs peuvent envoyer leurs donn\u00e9es personnelles par le biais de formulaires de contact lorsqu&rsquo;ils demandent des informations sur nos produits ou services, qui feront l&rsquo;objet d&rsquo;un traitement automatis\u00e9. De m\u00eame, les utilisateurs peuvent fournir leurs donn\u00e9es par t\u00e9l\u00e9phone ou par courrier \u00e9lectronique.<\/p>\n<p>&#8211; Formulaires d&rsquo;abonnement au contenu, pour s&rsquo;abonner \u00e0 des bulletins d&rsquo;information, des promotions ou des offres, ou s&rsquo;inscrire \u00e0 une lettre d&rsquo;information de MailChimp.<\/p>\n<p>&#8211; R\u00e9seaux sociaux. WINTERFIELD dispose d&rsquo;un profil sur plusieurs r\u00e9seaux sociaux tels que Google, Linkedin, Facebook, Twitter ou Instagram, et peut informer ses followers par tout moyen que le r\u00e9seau social permet sur ses activit\u00e9s, offres, promotions,&#8230; et fournir un service client personnalis\u00e9.<\/p>\n<p>&#8211; Navigation web (cookies). Le site web utilise des cookies propres et de tiers. Nous offrons des informations sp\u00e9cifiques sur notre site web.<\/p>\n<h3><b>OBJECTIF DU TRAITEMENT DES DONN\u00c9ES \u00c0 CARACT\u00c8RE PERSONNEL<\/b><br><\/h3>\n<p>Les donn\u00e9es et informations sont stock\u00e9es aux fins suivantes :<\/p>\n<p>&#8211; Donn\u00e9es de contact des clients potentiels, pour l&rsquo;envoi de bulletins d&rsquo;information et de communications commerciales de promotion et\/ou de publicit\u00e9 de WINTERFIELD, ainsi que pour l&rsquo;envoi p\u00e9riodique de communications de notre propre \u00e9laboration avec des liens vers le contenu de notre site web.<\/p>\n<p>&#8211; Donn\u00e9es des clients, pour l&rsquo;ex\u00e9cution, le d\u00e9veloppement et le contr\u00f4le de la relation contractuelle avec les clients et les services qu&rsquo;ils demandent.<\/p>\n<p>&#8211; Donn\u00e9es des fournisseurs, pour l&rsquo;ex\u00e9cution et le d\u00e9veloppement de la relation contractuelle avec nos fournisseurs et les services qu&rsquo;ils nous fournissent.<\/p>\n<p>&#8211; Les donn\u00e9es du personnel, pour l&rsquo;ex\u00e9cution et le d\u00e9veloppement de la relation contractuelle avec nos employ\u00e9s, ainsi que pour le respect de la r\u00e9glementation en vigueur en mati\u00e8re de travail, de s\u00e9curit\u00e9 sociale et de pr\u00e9vention des risques professionnels, le cas \u00e9ch\u00e9ant.<\/p>\n<p>&#8211; Les donn\u00e9es des candidats, pour g\u00e9rer la participation des int\u00e9ress\u00e9s aux processus de s\u00e9lection du personnel men\u00e9s par l&rsquo;entreprise.<\/p>\n<h3><b>DUR\u00c9E DE CONSERVATION DES DONN\u00c9ES PERSONNELLES<\/b><br><\/h3>\n<p>Les donn\u00e9es \u00e0 caract\u00e8re personnel seront conserv\u00e9es pendant toute la dur\u00e9e de la relation commerciale ou contractuelle et, une fois celle-ci termin\u00e9e, pendant les d\u00e9lais de prescription des responsabilit\u00e9s \u00e9tablis par les dispositions l\u00e9gales \u00e9ventuellement applicables.<\/p>\n<h3><b>BASE JURIDIQUE L\u00c9GITIMANT LE TRAITEMENT<\/b><br><\/h3>\n<p>La l\u00e9gitimit\u00e9 du traitement des donn\u00e9es personnelles est assur\u00e9e ::<\/p>\n<ul>\n<li>\n<\/li>\n<li>Le consentement expr\u00e8s du client int\u00e9ress\u00e9 \u00e0 recevoir des communications, des bulletins d&rsquo;information ou de la publicit\u00e9, dans le cas de clients potentiels et de clients.<\/li>\n<li>L&rsquo;ex\u00e9cution du contrat, dans le cas des donn\u00e9es relatives aux clients.<\/li>\n<li>L&rsquo;ex\u00e9cution du contrat ou de la relation commerciale existant au sein de l&rsquo;entreprise, dans le cas des donn\u00e9es des fournisseurs.<\/li>\n<li>l&rsquo;ex\u00e9cution du contrat de travail entre l&rsquo;entreprise et ses employ\u00e9s, dans le cas des donn\u00e9es relatives au personnel.<\/li>\n<li>Le consentement donn\u00e9 par les candidats lorsqu&rsquo;ils nous fournissent leur curriculum vitae, pour participer aux processus de s\u00e9lection, dans le cas des donn\u00e9es relatives aux candidats.<\/li>\n<\/ul>\n<h3><b>OBJECTIFS<\/b><br><\/h3>\n<p>Les donn\u00e9es ne seront pas communiqu\u00e9es \u00e0 des tiers ext\u00e9rieurs \u00e0 WINTERFIELD, sauf obligation l\u00e9gale, bien que nous ayons contract\u00e9 les fournisseurs de services suivants en tant que responsables du traitement des donn\u00e9es, qui se sont engag\u00e9s \u00e0 respecter les r\u00e9glementations en mati\u00e8re de protection des donn\u00e9es:<\/p>\n<ul>\n<li>Service web et maintenance. Centraliza. C. Tuc\u00eddides, 20, Oficina 12, 29004 M\u00e1laga (Spain). (<a href=\"https:\/\/www.centraliza.com\" target=\"_blank\" rel=\"noopener\">https:\/\/www.centraliza.com<\/a>)<\/li>\n<li>Massive e-mail service. The Rocket Science Group LLC d\/b\/a, domiciled in USA (<a href=\"https:\/\/mailchimp.com\">https:\/\/mailchimp.com<\/a>)<\/li>\n<li>GOOGLE ANALYTICS. Web analytics service. Google, Inc. 1600 Amphiteatre Parkway, Mountain View (California), CA 94043 (<a href=\"https:\/\/analytics.google.com\">https:\/\/analytics.google.com<\/a>).<\/li>\n<li>DOUBLECLICK BY GOOGLE. Uses cookies to increase the relevance of ads related to recent searches. Google, Inc. 1600 Amphiteatre Parkway, Mountain View (California), CA 94043 (<a href=\"https:\/\/doubleclickbygoogle.com\">https:\/\/doubleclickbygoogle.com<\/a>).<\/li>\n<li>RESALES ONLINE. Servicio de software inmobiliario (<a href=\"https:\/\/resales-online.com\">https:\/\/resales-online.com<\/a>).<\/li>\n<\/ul>\n<h3><b>PRINCIPLES APPLIED IN DATA PROCESSING<\/b><\/h3>\n<p>WINTERFIELD applies the following principles in the processing of personal data:<\/p>\n<p>&#8211; Principle of lawfulness, loyalty and transparency.<br>&#8211; Principle of data minimization.<br>&#8211; Principle of limitation of the retention period.<br>&#8211; Principle of integrity and confidentiality.<\/p>\n<h3><b>INTELLECTUAL PROPERTY RIGHTS<\/b><\/h3>\n<p>This website, the services offered on it, and the contents it contains are protected by current legislation on intellectual property. The website, including but not limited to its programming, software, editing, compilation and other elements necessary for its operation, as well as trademarks, trade names, designs, logos, text and\/or graphics are the property of WINTERFIELD, or, if applicable, are licensed or expressly authorized by the authors. Any act of total or partial transmission, distribution, transfer, reproduction, storage or public communication is expressly prohibited.<\/p>\n<h3><b>COMMERCIAL COMMUNICATIONS<\/b><\/h3>\n<p>WINTERFIELD will not send advertising or promotional communications by e-mail or other equivalent means of communication that have not been previously requested or expressly authorized by the recipients.<\/p>\n<p>Any interested party may object to the sending of commercial communications by any means and at any time, by email to sergio@iturbeproperties.com.<\/p>\n<h3><b>EXERCISE OF THE RIGHTS OF THE INTERESTED PARTY<\/b><\/h3>\n<p>The interested party may at any time exercise the following rights in relation to the processing of their personal data:<\/p>\n<p>&#8211; Right to request access to their personal data.<br>&#8211; Right to request its rectification or deletion.<br>&#8211; Right to request the limitation of its processing.<br>&#8211; Right to object to the processing.<br>&#8211; Right to revoke the consent given.<br>&#8211; Right to data portability.<\/p>\n<p>These rights may be exercised by sending an e-mail to info@winterfield.com.<\/p>\n<p>The interested party has the right to effective judicial protection and to file a complaint with the Spanish Data Protection Agency, with address at calle Jorge Juan, n\u00ba 6, 28001 &#8211; Madrid and telephone 901100099.<\/p>\n<h3><b>SECURITY MEASURES<\/b><\/h3>\n<p>WINTERFIELD has adopted the appropriate technical and organizational measures to ensure an appropriate level of security, according to the nature of the personal data processed and the circumstances of the processing, in order to avoid, as far as possible, its alteration, loss, unauthorized access or processing. Likewise, WINTERFIELD has implemented mechanisms to:<\/p>\n<ul>\n<li>Ensure the permanent confidentiality, integrity, availability and resilience of treatment systems and services.<\/li>\n<li>Restore availability and access to personal data quickly, in case of physical or technical incident.<\/li>\n<li>Verify and check, on a regular basis, the effectiveness of the technical and organizational measures implemented to ensure the security of data processing.<li>Service web et maintenance. Centraliza. C. Tuc\u00eddides, 20, Oficina 12, 29004 M\u00e1laga (Espagne). (https:\/\/www.centraliza.com)<\/li><li>Service de courrier \u00e9lectronique massif. The Rocket Science Group LLC d\/b\/a, domicili\u00e9 aux Etats-Unis (https:\/\/mailchimp.com)<\/li><li>GOOGLE ANALYTICS. Service d&rsquo;analyse du Web. Google, Inc. 1600 Amphiteatre Parkway, Mountain View (California), CA 94043 (https:\/\/analytics.google.com).<\/li><li>DOUBLECLICK BY GOOGLE. Utilise des cookies pour am\u00e9liorer la pertinence des annonces li\u00e9es aux recherches r\u00e9centes. Google, Inc. 1600 Amphiteatre Parkway, Mountain View (California), CA 94043 (https:\/\/doubleclickbygoogle.com).<\/li><li>REVENTE EN LIGNE. Servicio de software inmobiliario (https:\/\/resales-online.com).<\/li><\/li>\n<\/ul>\t\t\t\t\t\t<\/div>\n\t\t\t\t<\/div>\n\t\t\t\t\t<\/div>\n\t\t<\/div>\n\t\t\t\t\t\t\t<\/div>\n\t\t<\/section>\n\t\t\t\t\t\t\t<\/div>\n\t\t","protected":false},"excerpt":{"rendered":"<p>Politique de Confidentialit\u00e9 RESPONSABLE DU TRAITEMENT DE VOS DONN\u00c9ES PERSONNELLES Winterfield S.L. CIF: B50768217 Adresse:&nbsp;Hacienda Beach II-III, n\u00ba 160, Estepona (M\u00e1laga)E-mail: info@winterfield.comT\u00e9l\u00e9phone: 607858685Site web: www.winterfield.es Ce document vous fournit des informations sur la mani\u00e8re dont nous collectons et traitons vos donn\u00e9es \u00e0 caract\u00e8re personnel dans le cadre de l&rsquo;utilisation de notre site web www.winterfield.es. Chez WINTERFIELD, nous nous engageons \u00e0 prot\u00e9ger la vie priv\u00e9e &#8230;<\/p>\n","protected":false},"author":1,"featured_media":0,"parent":0,"menu_order":0,"comment_status":"closed","ping_status":"closed","template":"elementor_header_footer","meta":{"inline_featured_image":false,"footnotes":""},"yoast_head":"<!-- This site is optimized with the Yoast SEO Premium plugin v20.7 (Yoast SEO v20.10) - https:\/\/yoast.com\/wordpress\/plugins\/seo\/ -->\n<title>Politique de Confidentialit\u00e9 - Winterfield<\/title>\n<meta name=\"robots\" content=\"index, follow, max-snippet:-1, max-image-preview:large, max-video-preview:-1\" \/>\n<link rel=\"canonical\" href=\"https:\/\/www.winterfield.es\/fr\/politique-confidentialite\/\" \/>\n<meta property=\"og:locale\" content=\"fr_FR\" \/>\n<meta property=\"og:type\" content=\"article\" \/>\n<meta property=\"og:title\" content=\"Politique de Confidentialit\u00e9\" \/>\n<meta property=\"og:description\" content=\"Politique de Confidentialit\u00e9 RESPONSABLE DU TRAITEMENT DE VOS DONN\u00c9ES PERSONNELLES Winterfield S.L. CIF: B50768217 Adresse:&nbsp;Hacienda Beach II-III, n\u00ba 160, Estepona (M\u00e1laga)E-mail: info@winterfield.comT\u00e9l\u00e9phone: 607858685Site web: www.winterfield.es Ce document vous fournit des informations sur la mani\u00e8re dont nous collectons et traitons vos donn\u00e9es \u00e0 caract\u00e8re personnel dans le cadre de l&rsquo;utilisation de notre site web www.winterfield.es. Chez WINTERFIELD, nous nous engageons \u00e0 prot\u00e9ger la vie priv\u00e9e ...\" \/>\n<meta property=\"og:url\" content=\"https:\/\/www.winterfield.es\/fr\/politique-confidentialite\/\" \/>\n<meta property=\"og:site_name\" content=\"Winterfield\" \/>\n<meta property=\"article:modified_time\" content=\"2023-06-20T08:08:29+00:00\" \/>\n<meta name=\"twitter:card\" content=\"summary_large_image\" \/>\n<meta name=\"twitter:label1\" content=\"Dur\u00e9e de lecture estim\u00e9e\" \/>\n\t<meta name=\"twitter:data1\" content=\"9 minutes\" \/>\n<script type=\"application\/ld+json\" class=\"yoast-schema-graph\">{\"@context\":\"https:\/\/schema.org\",\"@graph\":[{\"@type\":\"WebPage\",\"@id\":\"https:\/\/www.winterfield.es\/fr\/politique-confidentialite\/\",\"url\":\"https:\/\/www.winterfield.es\/fr\/politique-confidentialite\/\",\"name\":\"Politique de Confidentialit\u00e9 - Winterfield\",\"isPartOf\":{\"@id\":\"https:\/\/www.winterfield.es\/#website\"},\"datePublished\":\"2023-05-03T08:34:55+00:00\",\"dateModified\":\"2023-06-20T08:08:29+00:00\",\"breadcrumb\":{\"@id\":\"https:\/\/www.winterfield.es\/fr\/politique-confidentialite\/#breadcrumb\"},\"inLanguage\":\"fr-FR\",\"potentialAction\":[{\"@type\":\"ReadAction\",\"target\":[\"https:\/\/www.winterfield.es\/fr\/politique-confidentialite\/\"]}]},{\"@type\":\"BreadcrumbList\",\"@id\":\"https:\/\/www.winterfield.es\/fr\/politique-confidentialite\/#breadcrumb\",\"itemListElement\":[{\"@type\":\"ListItem\",\"position\":1,\"name\":\"Portada\",\"item\":\"https:\/\/www.winterfield.es\/fr\/accueil\/\"},{\"@type\":\"ListItem\",\"position\":2,\"name\":\"Politique de Confidentialit\u00e9\"}]},{\"@type\":\"WebSite\",\"@id\":\"https:\/\/www.winterfield.es\/#website\",\"url\":\"https:\/\/www.winterfield.es\/\",\"name\":\"Winterfield\",\"description\":\"\",\"potentialAction\":[{\"@type\":\"SearchAction\",\"target\":{\"@type\":\"EntryPoint\",\"urlTemplate\":\"https:\/\/www.winterfield.es\/?s={search_term_string}\"},\"query-input\":\"required name=search_term_string\"}],\"inLanguage\":\"fr-FR\"}]}<\/script>\n<!-- \/ Yoast SEO Premium plugin. -->","yoast_head_json":{"title":"Politique de Confidentialit\u00e9 - Winterfield","robots":{"index":"index","follow":"follow","max-snippet":"max-snippet:-1","max-image-preview":"max-image-preview:large","max-video-preview":"max-video-preview:-1"},"canonical":"https:\/\/www.winterfield.es\/fr\/politique-confidentialite\/","og_locale":"fr_FR","og_type":"article","og_title":"Politique de Confidentialit\u00e9","og_description":"Politique de Confidentialit\u00e9 RESPONSABLE DU TRAITEMENT DE VOS DONN\u00c9ES PERSONNELLES Winterfield S.L. CIF: B50768217 Adresse:&nbsp;Hacienda Beach II-III, n\u00ba 160, Estepona (M\u00e1laga)E-mail: info@winterfield.comT\u00e9l\u00e9phone: 607858685Site web: www.winterfield.es Ce document vous fournit des informations sur la mani\u00e8re dont nous collectons et traitons vos donn\u00e9es \u00e0 caract\u00e8re personnel dans le cadre de l&rsquo;utilisation de notre site web www.winterfield.es. Chez WINTERFIELD, nous nous engageons \u00e0 prot\u00e9ger la vie priv\u00e9e ...","og_url":"https:\/\/www.winterfield.es\/fr\/politique-confidentialite\/","og_site_name":"Winterfield","article_modified_time":"2023-06-20T08:08:29+00:00","twitter_card":"summary_large_image","twitter_misc":{"Dur\u00e9e de lecture estim\u00e9e":"9 minutes"},"schema":{"@context":"https:\/\/schema.org","@graph":[{"@type":"WebPage","@id":"https:\/\/www.winterfield.es\/fr\/politique-confidentialite\/","url":"https:\/\/www.winterfield.es\/fr\/politique-confidentialite\/","name":"Politique de Confidentialit\u00e9 - Winterfield","isPartOf":{"@id":"https:\/\/www.winterfield.es\/#website"},"datePublished":"2023-05-03T08:34:55+00:00","dateModified":"2023-06-20T08:08:29+00:00","breadcrumb":{"@id":"https:\/\/www.winterfield.es\/fr\/politique-confidentialite\/#breadcrumb"},"inLanguage":"fr-FR","potentialAction":[{"@type":"ReadAction","target":["https:\/\/www.winterfield.es\/fr\/politique-confidentialite\/"]}]},{"@type":"BreadcrumbList","@id":"https:\/\/www.winterfield.es\/fr\/politique-confidentialite\/#breadcrumb","itemListElement":[{"@type":"ListItem","position":1,"name":"Portada","item":"https:\/\/www.winterfield.es\/fr\/accueil\/"},{"@type":"ListItem","position":2,"name":"Politique de Confidentialit\u00e9"}]},{"@type":"WebSite","@id":"https:\/\/www.winterfield.es\/#website","url":"https:\/\/www.winterfield.es\/","name":"Winterfield","description":"","potentialAction":[{"@type":"SearchAction","target":{"@type":"EntryPoint","urlTemplate":"https:\/\/www.winterfield.es\/?s={search_term_string}"},"query-input":"required name=search_term_string"}],"inLanguage":"fr-FR"}]}},"_links":{"self":[{"href":"https:\/\/www.winterfield.es\/fr\/wp-json\/wp\/v2\/pages\/32723"}],"collection":[{"href":"https:\/\/www.winterfield.es\/fr\/wp-json\/wp\/v2\/pages"}],"about":[{"href":"https:\/\/www.winterfield.es\/fr\/wp-json\/wp\/v2\/types\/page"}],"author":[{"embeddable":true,"href":"https:\/\/www.winterfield.es\/fr\/wp-json\/wp\/v2\/users\/1"}],"replies":[{"embeddable":true,"href":"https:\/\/www.winterfield.es\/fr\/wp-json\/wp\/v2\/comments?post=32723"}],"version-history":[{"count":0,"href":"https:\/\/www.winterfield.es\/fr\/wp-json\/wp\/v2\/pages\/32723\/revisions"}],"wp:attachment":[{"href":"https:\/\/www.winterfield.es\/fr\/wp-json\/wp\/v2\/media?parent=32723"}],"curies":[{"name":"wp","href":"https:\/\/api.w.org\/{rel}","templated":true}]}}