{"id":32724,"date":"2023-05-03T07:50:03","date_gmt":"2023-05-03T07:50:03","guid":{"rendered":"https:\/\/winterfield.es\/cookies-policy\/"},"modified":"2023-06-20T08:20:54","modified_gmt":"2023-06-20T08:20:54","slug":"politique-cookies","status":"publish","type":"page","link":"https:\/\/www.winterfield.es\/fr\/politique-cookies\/","title":{"rendered":"Politique des Cookies"},"content":{"rendered":"\t\t<div data-elementor-type=\"wp-page\" data-elementor-id=\"32724\" class=\"elementor elementor-32724 elementor-32250\">\n\t\t\t\t\t\t\t\t\t<section class=\"elementor-section elementor-top-section elementor-element elementor-element-31936e3f animated-slow elementor-section-content-middle elementor-section-stretched elementor-section-boxed elementor-section-height-default elementor-section-height-default elementor-invisible\" data-id=\"31936e3f\" data-element_type=\"section\" data-settings=\"{&quot;background_background&quot;:&quot;classic&quot;,&quot;animation&quot;:&quot;fadeIn&quot;,&quot;stretch_section&quot;:&quot;section-stretched&quot;,&quot;shape_divider_bottom&quot;:&quot;arrow&quot;,&quot;shape_divider_bottom_negative&quot;:&quot;yes&quot;}\">\n\t\t\t\t\t\t\t<div class=\"elementor-background-overlay\"><\/div>\n\t\t\t\t\t\t<div class=\"elementor-shape elementor-shape-bottom\" data-negative=\"true\">\n\t\t\t<svg xmlns=\"http:\/\/www.w3.org\/2000\/svg\" viewBox=\"0 0 700 10\" preserveAspectRatio=\"none\">\n\t<path class=\"elementor-shape-fill\" d=\"M360 0L350 9.9 340 0 0 0 0 10 700 10 700 0\"\/>\n<\/svg>\t\t<\/div>\n\t\t\t\t\t<div class=\"elementor-container elementor-column-gap-no\">\n\t\t\t\t\t<div class=\"elementor-column elementor-col-100 elementor-top-column elementor-element elementor-element-5a0e78e0\" data-id=\"5a0e78e0\" data-element_type=\"column\" data-settings=\"{&quot;background_background&quot;:&quot;classic&quot;}\">\n\t\t\t<div class=\"elementor-widget-wrap elementor-element-populated\">\n\t\t\t\t\t\t\t\t<div class=\"elementor-element elementor-element-3c9de0ae elementor-widget elementor-widget-heading\" data-id=\"3c9de0ae\" data-element_type=\"widget\" data-widget_type=\"heading.default\">\n\t\t\t\t<div class=\"elementor-widget-container\">\n\t\t\t<style>\/*! elementor - v3.12.1 - 02-04-2023 *\/\n.elementor-heading-title{padding:0;margin:0;line-height:1}.elementor-widget-heading .elementor-heading-title[class*=elementor-size-]>a{color:inherit;font-size:inherit;line-height:inherit}.elementor-widget-heading .elementor-heading-title.elementor-size-small{font-size:15px}.elementor-widget-heading .elementor-heading-title.elementor-size-medium{font-size:19px}.elementor-widget-heading .elementor-heading-title.elementor-size-large{font-size:29px}.elementor-widget-heading .elementor-heading-title.elementor-size-xl{font-size:39px}.elementor-widget-heading .elementor-heading-title.elementor-size-xxl{font-size:59px}<\/style><h2 class=\"elementor-heading-title elementor-size-default\">Politique des Cookies<\/h2>\t\t<\/div>\n\t\t\t\t<\/div>\n\t\t\t\t\t<\/div>\n\t\t<\/div>\n\t\t\t\t\t\t\t<\/div>\n\t\t<\/section>\n\t\t\t\t<section class=\"elementor-section elementor-top-section elementor-element elementor-element-b611cc2 elementor-section-boxed elementor-section-height-default elementor-section-height-default\" data-id=\"b611cc2\" data-element_type=\"section\">\n\t\t\t\t\t\t<div class=\"elementor-container elementor-column-gap-wider\">\n\t\t\t\t\t<div class=\"elementor-column elementor-col-100 elementor-top-column elementor-element elementor-element-f852d16\" data-id=\"f852d16\" data-element_type=\"column\">\n\t\t\t<div class=\"elementor-widget-wrap elementor-element-populated\">\n\t\t\t\t\t\t\t\t<div class=\"elementor-element elementor-element-6eefbca elementor-widget__width-initial elementor-invisible elementor-widget elementor-widget-text-editor\" data-id=\"6eefbca\" data-element_type=\"widget\" data-settings=\"{&quot;_animation&quot;:&quot;fadeIn&quot;,&quot;_animation_delay&quot;:50}\" data-widget_type=\"text-editor.default\">\n\t\t\t\t<div class=\"elementor-widget-container\">\n\t\t\t<style>\/*! elementor - v3.12.1 - 02-04-2023 *\/\n.elementor-widget-text-editor.elementor-drop-cap-view-stacked .elementor-drop-cap{background-color:#69727d;color:#fff}.elementor-widget-text-editor.elementor-drop-cap-view-framed .elementor-drop-cap{color:#69727d;border:3px solid;background-color:transparent}.elementor-widget-text-editor:not(.elementor-drop-cap-view-default) .elementor-drop-cap{margin-top:8px}.elementor-widget-text-editor:not(.elementor-drop-cap-view-default) .elementor-drop-cap-letter{width:1em;height:1em}.elementor-widget-text-editor .elementor-drop-cap{float:left;text-align:center;line-height:1;font-size:50px}.elementor-widget-text-editor .elementor-drop-cap-letter{display:inline-block}<\/style>\t\t\t\t<p>Sur ce site web, nous collectons et utilisons les informations comme indiqu\u00e9 dans notre politique de confidentialit\u00e9, que vous pouvez consulter dans le lien correspondant de ce site web.<\/p>\n<p>Chez WINTERFIELD, nous vous informons \u00e9galement de l&rsquo;utilisation de cookies sur notre site web :<\/p>\n<h3><b>QU&rsquo;EST-CE QU&rsquo;UN COOKIE ?<\/b><br><\/h3>\n<p>Un cookie est une petite quantit\u00e9 de donn\u00e9es qui est stock\u00e9e dans le navigateur, le t\u00e9l\u00e9phone portable ou tout autre dispositif d&rsquo;acc\u00e8s de l&rsquo;utilisateur lorsqu&rsquo;il navigue sur la plupart des sites web. Il s&rsquo;agit de fichiers qui peuvent \u00eatre t\u00e9l\u00e9charg\u00e9s sur votre ordinateur par l&rsquo;interm\u00e9diaire du site web.<\/p>\n<h3><b>QUELLES SONT LES INFORMATIONS STOCK\u00c9ES PAR UN COOKIE?<\/b><br><\/h3>\n<p>Les cookies stockent des donn\u00e9es techniques, des statistiques, des pr\u00e9f\u00e9rences personnelles, la personnalisation du contenu,&#8230;.<\/p>\n<p>Le serveur web ne vous associe pas en tant que personne, mais votre navigateur web.<\/p>\n<h3><b>QUELS SONT LES TYPES DE COOKIES EXISTANTS ?<\/b><br><\/h3>\n<p><b>Selon la finalit\u00e9 du traitement des donn\u00e9es :<\/b><br><\/p>\n<ul>\n<li>\n<\/li>\n<li><b>Cookies techniques: <\/b>Ce sont les plus \u00e9l\u00e9mentaires et ils permettent, entre autres, de savoir quand un humain ou une application automatis\u00e9e navigue, quand un utilisateur anonyme et un utilisateur enregistr\u00e9 naviguent, des t\u00e2ches de base pour le fonctionnement de tout site web dynamique.<\/li>\n<li><b>Cookies de personnalisation: <\/b>Ils permettent \u00e0 l&rsquo;utilisateur d&rsquo;acc\u00e9der au service avec certaines caract\u00e9ristiques g\u00e9n\u00e9rales pr\u00e9d\u00e9finies en fonction d&rsquo;une s\u00e9rie de crit\u00e8res dans le terminal de l&rsquo;utilisateur.<\/li>\n<li><b>Cookies d&rsquo;analyse : <\/b>Ils recueillent des informations sur le type de navigation effectu\u00e9, les sections les plus utilis\u00e9es, les produits consult\u00e9s, le temps d&rsquo;utilisation, la langue, &#8230;<\/li>\n<li><b>Cookies de publicit\u00e9: <\/b>Ils affichent de la publicit\u00e9 en fonction de votre navigation, de votre pays d&rsquo;origine, de votre langue, &#8230;<\/li>\n<li>Cookies de publicit\u00e9 comportementale : ils stockent des informations sur le comportement des utilisateurs obtenues gr\u00e2ce \u00e0 l&rsquo;observation continue de leurs habitudes de navigation.<\/li>\n<li><b>Cookies de r\u00e9seaux sociaux externes: <\/b>Ils sont utilis\u00e9s pour que les visiteurs puissent interagir avec le contenu de diff\u00e9rentes plateformes sociales et sont g\u00e9n\u00e9r\u00e9s pour les utilisateurs de ces r\u00e9seaux.<\/li>\n<\/ul>\n<p><b>En fonction de la dur\u00e9e pendant laquelle ils restent stock\u00e9s dans le navigateur:<\/b><\/p>\n<ul>\n<li><b>Cookies de session:<\/b> Ils collectent et stockent des donn\u00e9es pendant que l&rsquo;utilisateur acc\u00e8de \u00e0 une page web.<br><\/li>\n<li><b>Cookies persistants: <\/b>Les donn\u00e9es restent stock\u00e9es dans le terminal et peuvent \u00eatre consult\u00e9es et trait\u00e9es pendant une p\u00e9riode d\u00e9finie par le responsable du cookie.<\/li>\n<\/ul>\n<p><b>En fonction de l&rsquo;entit\u00e9 qui g\u00e8re le domaine \u00e0 partir duquel les cookies sont envoy\u00e9s :<\/b><br><\/p>\n<ul>\n<li><li><b>Cookies propres: <\/b>Ceux qui sont envoy\u00e9s \u00e0 l&rsquo;\u00e9quipement terminal de l&rsquo;utilisateur \u00e0 partir d&rsquo;un ordinateur ou d&rsquo;un domaine g\u00e9r\u00e9 par l&rsquo;\u00e9diteur lui-m\u00eame et \u00e0 partir duquel le service demand\u00e9 est fourni.<\/li><li><b>Cookies de tiers: <\/b>Ceux qui sont envoy\u00e9s \u00e0 l&rsquo;\u00e9quipement terminal de l&rsquo;utilisateur \u00e0 partir d&rsquo;un domaine informatique qui n&rsquo;est pas g\u00e9r\u00e9 par l&rsquo;\u00e9diteur, mais par une autre entit\u00e9 qui traite les donn\u00e9es obtenues par le biais des cookies.<\/li><\/li>\n<\/ul>\n<h3><b>WHAT COOKIES DO WE USE?<\/b><\/h3>\n<p>WINTERFIELD uses the following cookies:<\/p>\n<p>&#8211; Login. They allow the user to log in and out of the account.<\/p>\n<p>&#8211; Personalization. To remember which people or sites the user has interacted with.<\/p>\n<p>&#8211; Preferences. To remember the user&rsquo;s settings and preferences.<\/p>\n<p>&#8211; Technical. To know when the user is browsing.<\/p>\n<p>&#8211; Security. To avoid security risks.<\/p>\n<p>WINTERFIELD uses the following third party cookies:<\/p>\n<p>&#8211; WORDPRESS, owned by Automattic, Inc. blog hosting platform. See more information in its cookies policy.<\/p>\n<p>&#8211; MAILCHIMP. Bulk e-mail service. The Rocket Science Group LLC d\/b\/a, domiciled in the USA (https:\/\/mailchimp.com).<\/p>\n<p>&#8211; GOOGLE ANALYTICS. Web analytics service. Google, Inc. 1600 Amphiteatre Parkway, Mountain View (California), CA 94043 (https:\/\/analytics.google.com).<\/p>\n<p>&#8211; DOUBLECLICK BY GOOGLE. Uses cookies to increase the relevance of ads related to recent searches. Google, Inc. 1600 Amphiteatre Parkway, Mountain View (California), CA 94043 (https:\/\/doubleclickbygoogle.com).<\/p>\n<p>&#8211; Social media cookies: <br>Facebook cookies. See more information in their cookie policy.<br>Twitter cookies. See more information in their cookie policy.<br>Instagram cookies. See more information in its cookies policy.<br>Google+ cookies. See more information in its cookies policy.<br>Youtube Cookies. See more information in its cookies policy.<\/p>\n<h3><b>HOW TO MODIFY THE CONFIGURATION OF COOKIES?<\/b><\/h3>\n<p>Cookies installed on the user&rsquo;s computer can be allowed, blocked or deleted by configuring the browser options installed on your computer. By disabling cookies, some of the services available may no longer be operational.<\/p>\n<p>The user may at any time choose which cookies he\/she wants to operate on this website.<\/p>\n<p>The way to disable cookies is different for each browser, but can usually be done from the Tools or Options menu, and you can also consult the browser&rsquo;s Help menu for instructions.<\/p>\n<p>The user can allow, block or delete cookies installed on your computer:<\/p>\n<p>&#8211; Chrome, from:<br>http:\/\/support.google.com\/chrome\/bin\/answer.py?hl=es&amp;answer=95647<\/p>\n<p>&#8211; Explorer, from:<br>https:\/\/support.microsoft.com\/en-us\/help\/17442\/windows-internet-explorer-delete-manage-cookies#ie=ie-10<\/p>\n<p>&#8211; Firefox, from:<br>https:\/\/support.mozilla.org\/es\/kb\/habilitar-y-deshabilitar-coolies-sitios-web-rastrear-preferencias?redirectlocale=es&amp;redirectslug=habilitar-y-deshabilitar-cookies-que-los-sitios-we<\/p>\n<p>&#8211; Safari, since:<br>https:\/\/support.apple.com\/es-es\/HT201265<\/p>\n<p>&#8211; Microsoft Internet Explorer or Microsoft Edge, from:<br>https:\/\/windows.microsoft.com\/es-es\/windows-vista\/Block-or-allow-cookies<\/p>\n<p>&#8211; Opera, from:<br>https:\/\/help.opera.com\/linux\/10.0\/es-ES\/cookies.html<\/p>\n<p>In addition, the user can also manage the storage of cookies in his browser through tools such as:<\/p>\n<p>&#8211; Ghostery: www.ghostery.com\/<\/p>\n<p>&#8211; Your online choices: www.youronlinechoices.com\/es\/<\/p>\n<h3><b>MORE INFORMATION ABOUT COOKIES<\/b><\/h3>\n<p>The user can consult the regulation on cookies published by the Spanish Data Protection Agency in its Guide on the use of cookies and obtain more information on the Internet.<\/p>\n<p>If you would like more information on how we use cookies you can send us an e-mail to sergio@iturbeproperties.com.<\/p>\n<h3><b>UPDATE AND CHANGES IN THE COOKIES POLICY<\/b><\/h3>\n<p>WINTERFIELD<br>reserves the right to modify this cookie policy according to new legislative or regulatory requirements, or in order to adapt this policy to the instructions issued by the Spanish Data Protection Agency.<\/p>\n<h3><b>ACCEPTANCE OF THE COOKIES POLICY<\/b><\/h3>\n<p>Faced with this information, the user can carry out the following actions:<\/p>\n<p>&#8211; Accept cookies: This notice will not be displayed again when accessing any page of the portal during the session.<\/p>\n<p>&#8211; Close. The warning is hidden on this page.<\/p>\n<p>&#8211; Modify your settings. You can learn more about what cookies are, know the cookie policy and modify your browser settings.<\/p>\t\t\t\t\t\t<\/div>\n\t\t\t\t<\/div>\n\t\t\t\t\t<\/div>\n\t\t<\/div>\n\t\t\t\t\t\t\t<\/div>\n\t\t<\/section>\n\t\t\t\t\t\t\t<\/div>\n\t\t","protected":false},"excerpt":{"rendered":"<p>Politique des Cookies Sur ce site web, nous collectons et utilisons les informations comme indiqu\u00e9 dans notre politique de confidentialit\u00e9, que vous pouvez consulter dans le lien correspondant de ce site web. Chez WINTERFIELD, nous vous informons \u00e9galement de l&rsquo;utilisation de cookies sur notre site web : QU&rsquo;EST-CE QU&rsquo;UN COOKIE ? Un cookie est une petite quantit\u00e9 de donn\u00e9es qui est stock\u00e9e dans le &#8230;<\/p>\n","protected":false},"author":1,"featured_media":0,"parent":0,"menu_order":0,"comment_status":"closed","ping_status":"closed","template":"elementor_header_footer","meta":{"inline_featured_image":false,"footnotes":""},"yoast_head":"<!-- This site is optimized with the Yoast SEO Premium plugin v20.7 (Yoast SEO v20.10) - https:\/\/yoast.com\/wordpress\/plugins\/seo\/ -->\n<title>Politique des Cookies - Winterfield<\/title>\n<meta name=\"robots\" content=\"index, follow, max-snippet:-1, max-image-preview:large, max-video-preview:-1\" \/>\n<link rel=\"canonical\" href=\"https:\/\/www.winterfield.es\/fr\/politique-cookies\/\" \/>\n<meta property=\"og:locale\" content=\"fr_FR\" \/>\n<meta property=\"og:type\" content=\"article\" \/>\n<meta property=\"og:title\" content=\"Politique des Cookies\" \/>\n<meta property=\"og:description\" content=\"Politique des Cookies Sur ce site web, nous collectons et utilisons les informations comme indiqu\u00e9 dans notre politique de confidentialit\u00e9, que vous pouvez consulter dans le lien correspondant de ce site web. Chez WINTERFIELD, nous vous informons \u00e9galement de l&rsquo;utilisation de cookies sur notre site web : QU&rsquo;EST-CE QU&rsquo;UN COOKIE ? Un cookie est une petite quantit\u00e9 de donn\u00e9es qui est stock\u00e9e dans le ...\" \/>\n<meta property=\"og:url\" content=\"https:\/\/www.winterfield.es\/fr\/politique-cookies\/\" \/>\n<meta property=\"og:site_name\" content=\"Winterfield\" \/>\n<meta property=\"article:modified_time\" content=\"2023-06-20T08:20:54+00:00\" \/>\n<meta name=\"twitter:card\" content=\"summary_large_image\" \/>\n<meta name=\"twitter:label1\" content=\"Dur\u00e9e de lecture estim\u00e9e\" \/>\n\t<meta name=\"twitter:data1\" content=\"5 minutes\" \/>\n<script type=\"application\/ld+json\" class=\"yoast-schema-graph\">{\"@context\":\"https:\/\/schema.org\",\"@graph\":[{\"@type\":\"WebPage\",\"@id\":\"https:\/\/www.winterfield.es\/fr\/politique-cookies\/\",\"url\":\"https:\/\/www.winterfield.es\/fr\/politique-cookies\/\",\"name\":\"Politique des Cookies - Winterfield\",\"isPartOf\":{\"@id\":\"https:\/\/www.winterfield.es\/#website\"},\"datePublished\":\"2023-05-03T07:50:03+00:00\",\"dateModified\":\"2023-06-20T08:20:54+00:00\",\"breadcrumb\":{\"@id\":\"https:\/\/www.winterfield.es\/fr\/politique-cookies\/#breadcrumb\"},\"inLanguage\":\"fr-FR\",\"potentialAction\":[{\"@type\":\"ReadAction\",\"target\":[\"https:\/\/www.winterfield.es\/fr\/politique-cookies\/\"]}]},{\"@type\":\"BreadcrumbList\",\"@id\":\"https:\/\/www.winterfield.es\/fr\/politique-cookies\/#breadcrumb\",\"itemListElement\":[{\"@type\":\"ListItem\",\"position\":1,\"name\":\"Portada\",\"item\":\"https:\/\/www.winterfield.es\/fr\/accueil\/\"},{\"@type\":\"ListItem\",\"position\":2,\"name\":\"Politique des Cookies\"}]},{\"@type\":\"WebSite\",\"@id\":\"https:\/\/www.winterfield.es\/#website\",\"url\":\"https:\/\/www.winterfield.es\/\",\"name\":\"Winterfield\",\"description\":\"\",\"potentialAction\":[{\"@type\":\"SearchAction\",\"target\":{\"@type\":\"EntryPoint\",\"urlTemplate\":\"https:\/\/www.winterfield.es\/?s={search_term_string}\"},\"query-input\":\"required name=search_term_string\"}],\"inLanguage\":\"fr-FR\"}]}<\/script>\n<!-- \/ Yoast SEO Premium plugin. -->","yoast_head_json":{"title":"Politique des Cookies - Winterfield","robots":{"index":"index","follow":"follow","max-snippet":"max-snippet:-1","max-image-preview":"max-image-preview:large","max-video-preview":"max-video-preview:-1"},"canonical":"https:\/\/www.winterfield.es\/fr\/politique-cookies\/","og_locale":"fr_FR","og_type":"article","og_title":"Politique des Cookies","og_description":"Politique des Cookies Sur ce site web, nous collectons et utilisons les informations comme indiqu\u00e9 dans notre politique de confidentialit\u00e9, que vous pouvez consulter dans le lien correspondant de ce site web. Chez WINTERFIELD, nous vous informons \u00e9galement de l&rsquo;utilisation de cookies sur notre site web : QU&rsquo;EST-CE QU&rsquo;UN COOKIE ? Un cookie est une petite quantit\u00e9 de donn\u00e9es qui est stock\u00e9e dans le ...","og_url":"https:\/\/www.winterfield.es\/fr\/politique-cookies\/","og_site_name":"Winterfield","article_modified_time":"2023-06-20T08:20:54+00:00","twitter_card":"summary_large_image","twitter_misc":{"Dur\u00e9e de lecture estim\u00e9e":"5 minutes"},"schema":{"@context":"https:\/\/schema.org","@graph":[{"@type":"WebPage","@id":"https:\/\/www.winterfield.es\/fr\/politique-cookies\/","url":"https:\/\/www.winterfield.es\/fr\/politique-cookies\/","name":"Politique des Cookies - Winterfield","isPartOf":{"@id":"https:\/\/www.winterfield.es\/#website"},"datePublished":"2023-05-03T07:50:03+00:00","dateModified":"2023-06-20T08:20:54+00:00","breadcrumb":{"@id":"https:\/\/www.winterfield.es\/fr\/politique-cookies\/#breadcrumb"},"inLanguage":"fr-FR","potentialAction":[{"@type":"ReadAction","target":["https:\/\/www.winterfield.es\/fr\/politique-cookies\/"]}]},{"@type":"BreadcrumbList","@id":"https:\/\/www.winterfield.es\/fr\/politique-cookies\/#breadcrumb","itemListElement":[{"@type":"ListItem","position":1,"name":"Portada","item":"https:\/\/www.winterfield.es\/fr\/accueil\/"},{"@type":"ListItem","position":2,"name":"Politique des Cookies"}]},{"@type":"WebSite","@id":"https:\/\/www.winterfield.es\/#website","url":"https:\/\/www.winterfield.es\/","name":"Winterfield","description":"","potentialAction":[{"@type":"SearchAction","target":{"@type":"EntryPoint","urlTemplate":"https:\/\/www.winterfield.es\/?s={search_term_string}"},"query-input":"required name=search_term_string"}],"inLanguage":"fr-FR"}]}},"_links":{"self":[{"href":"https:\/\/www.winterfield.es\/fr\/wp-json\/wp\/v2\/pages\/32724"}],"collection":[{"href":"https:\/\/www.winterfield.es\/fr\/wp-json\/wp\/v2\/pages"}],"about":[{"href":"https:\/\/www.winterfield.es\/fr\/wp-json\/wp\/v2\/types\/page"}],"author":[{"embeddable":true,"href":"https:\/\/www.winterfield.es\/fr\/wp-json\/wp\/v2\/users\/1"}],"replies":[{"embeddable":true,"href":"https:\/\/www.winterfield.es\/fr\/wp-json\/wp\/v2\/comments?post=32724"}],"version-history":[{"count":0,"href":"https:\/\/www.winterfield.es\/fr\/wp-json\/wp\/v2\/pages\/32724\/revisions"}],"wp:attachment":[{"href":"https:\/\/www.winterfield.es\/fr\/wp-json\/wp\/v2\/media?parent=32724"}],"curies":[{"name":"wp","href":"https:\/\/api.w.org\/{rel}","templated":true}]}}