{"id":32725,"date":"2023-05-02T06:56:13","date_gmt":"2023-05-02T06:56:13","guid":{"rendered":"https:\/\/winterfield.es\/legal-notice\/"},"modified":"2023-06-20T07:29:20","modified_gmt":"2023-06-20T07:29:20","slug":"avis-legal","status":"publish","type":"page","link":"https:\/\/www.winterfield.es\/fr\/avis-legal\/","title":{"rendered":"Avis L\u00e9gal"},"content":{"rendered":"\t\t<div data-elementor-type=\"wp-page\" data-elementor-id=\"32725\" class=\"elementor elementor-32725 elementor-32211\">\n\t\t\t\t\t\t\t\t\t<section class=\"elementor-section elementor-top-section elementor-element elementor-element-31936e3f animated-slow elementor-section-content-middle elementor-section-stretched elementor-section-boxed elementor-section-height-default elementor-section-height-default elementor-invisible\" data-id=\"31936e3f\" data-element_type=\"section\" data-settings=\"{&quot;background_background&quot;:&quot;classic&quot;,&quot;animation&quot;:&quot;fadeIn&quot;,&quot;stretch_section&quot;:&quot;section-stretched&quot;,&quot;shape_divider_bottom&quot;:&quot;arrow&quot;,&quot;shape_divider_bottom_negative&quot;:&quot;yes&quot;}\">\n\t\t\t\t\t\t\t<div class=\"elementor-background-overlay\"><\/div>\n\t\t\t\t\t\t<div class=\"elementor-shape elementor-shape-bottom\" data-negative=\"true\">\n\t\t\t<svg xmlns=\"http:\/\/www.w3.org\/2000\/svg\" viewBox=\"0 0 700 10\" preserveAspectRatio=\"none\">\n\t<path class=\"elementor-shape-fill\" d=\"M360 0L350 9.9 340 0 0 0 0 10 700 10 700 0\"\/>\n<\/svg>\t\t<\/div>\n\t\t\t\t\t<div class=\"elementor-container elementor-column-gap-no\">\n\t\t\t\t\t<div class=\"elementor-column elementor-col-100 elementor-top-column elementor-element elementor-element-5a0e78e0\" data-id=\"5a0e78e0\" data-element_type=\"column\" data-settings=\"{&quot;background_background&quot;:&quot;classic&quot;}\">\n\t\t\t<div class=\"elementor-widget-wrap elementor-element-populated\">\n\t\t\t\t\t\t\t\t<div class=\"elementor-element elementor-element-3c9de0ae elementor-widget elementor-widget-heading\" data-id=\"3c9de0ae\" data-element_type=\"widget\" data-widget_type=\"heading.default\">\n\t\t\t\t<div class=\"elementor-widget-container\">\n\t\t\t<style>\/*! elementor - v3.12.1 - 02-04-2023 *\/\n.elementor-heading-title{padding:0;margin:0;line-height:1}.elementor-widget-heading .elementor-heading-title[class*=elementor-size-]>a{color:inherit;font-size:inherit;line-height:inherit}.elementor-widget-heading .elementor-heading-title.elementor-size-small{font-size:15px}.elementor-widget-heading .elementor-heading-title.elementor-size-medium{font-size:19px}.elementor-widget-heading .elementor-heading-title.elementor-size-large{font-size:29px}.elementor-widget-heading .elementor-heading-title.elementor-size-xl{font-size:39px}.elementor-widget-heading .elementor-heading-title.elementor-size-xxl{font-size:59px}<\/style><h2 class=\"elementor-heading-title elementor-size-default\">Avis L\u00e9gal<\/h2>\t\t<\/div>\n\t\t\t\t<\/div>\n\t\t\t\t\t<\/div>\n\t\t<\/div>\n\t\t\t\t\t\t\t<\/div>\n\t\t<\/section>\n\t\t\t\t<section class=\"elementor-section elementor-top-section elementor-element elementor-element-b611cc2 elementor-section-boxed elementor-section-height-default elementor-section-height-default\" data-id=\"b611cc2\" data-element_type=\"section\">\n\t\t\t\t\t\t<div class=\"elementor-container elementor-column-gap-wider\">\n\t\t\t\t\t<div class=\"elementor-column elementor-col-100 elementor-top-column elementor-element elementor-element-f852d16\" data-id=\"f852d16\" data-element_type=\"column\">\n\t\t\t<div class=\"elementor-widget-wrap elementor-element-populated\">\n\t\t\t\t\t\t\t\t<div class=\"elementor-element elementor-element-6eefbca elementor-widget__width-initial elementor-invisible elementor-widget elementor-widget-text-editor\" data-id=\"6eefbca\" data-element_type=\"widget\" data-settings=\"{&quot;_animation&quot;:&quot;fadeIn&quot;,&quot;_animation_delay&quot;:50}\" data-widget_type=\"text-editor.default\">\n\t\t\t\t<div class=\"elementor-widget-container\">\n\t\t\t<style>\/*! elementor - v3.12.1 - 02-04-2023 *\/\n.elementor-widget-text-editor.elementor-drop-cap-view-stacked .elementor-drop-cap{background-color:#69727d;color:#fff}.elementor-widget-text-editor.elementor-drop-cap-view-framed .elementor-drop-cap{color:#69727d;border:3px solid;background-color:transparent}.elementor-widget-text-editor:not(.elementor-drop-cap-view-default) .elementor-drop-cap{margin-top:8px}.elementor-widget-text-editor:not(.elementor-drop-cap-view-default) .elementor-drop-cap-letter{width:1em;height:1em}.elementor-widget-text-editor .elementor-drop-cap{float:left;text-align:center;line-height:1;font-size:50px}.elementor-widget-text-editor .elementor-drop-cap-letter{display:inline-block}<\/style>\t\t\t\t<p>Conform\u00e9ment \u00e0 l&rsquo;article 10 de la loi 34\/2002 sur les services de la soci\u00e9t\u00e9 de l&rsquo;information et du commerce \u00e9lectronique, nous informons l&rsquo;utilisateur de nos donn\u00e9es d&rsquo;identification:<\/p><h3><b>PROPRI\u00c9TAIRE DU SITE WEB<\/b><\/h3><p>Winterfield S.L.<br \/><b> CIF:<\/b> B50768217<br \/><b>Adresse:<\/b>\u00a0<a href=\"https:\/\/goo.gl\/maps\/oznKoG5LUqvNqdVu7\" target=\"_blank\" rel=\"noopener\">Hacienda Beach II-III, n\u00ba 160<\/a><br \/><b>E-mail:<\/b> <a href=\"mailto:info@winterfield.com\">info@winterfield.com<\/a><br \/><b>T\u00e9l\u00e9phone:<\/b> <a href=\"tel:34607858685\">607858685<\/a><br \/><b> Site web<\/b>: www.winterfield.es<\/p><h3><b>OBJET<\/b><\/h3><p>Le pr\u00e9sent avis juridique contient les conditions g\u00e9n\u00e9rales d&rsquo;acc\u00e8s et d&rsquo;utilisation de ce site Web, que le fournisseur met \u00e0 la disposition des utilisateurs conform\u00e9ment aux dispositions de la loi 34\/2002 relative aux services de la soci\u00e9t\u00e9 de l&rsquo;information et au commerce \u00e9lectronique (LSSI-CE).<\/p><p>Toute personne acc\u00e9dant \u00e0 ce site web assume le r\u00f4le d&rsquo;utilisateur, et l&rsquo;utilisation du portail implique l&rsquo;acceptation de toutes les conditions incluses dans le pr\u00e9sent avis juridique, engageant l&rsquo;utilisateur \u00e0 l&rsquo;observation et au strict respect des dispositions qui y sont \u00e9nonc\u00e9es, ainsi que de toute autre disposition l\u00e9gale applicable.<\/p><h3><b>MODIFICATIONS<\/b><\/h3><p>Le fournisseur se r\u00e9serve le droit de modifier tout type d&rsquo;information pouvant figurer sur le site Web, sans obligation de pr\u00e9avis ni d&rsquo;information des utilisateurs sur ces obligations, \u00e9tant entendu que cela suffit \u00e0 la publication sur le site Web du fournisseur.<\/p><p>De m\u00eame, les pr\u00e9sentes conditions g\u00e9n\u00e9rales peuvent \u00eatre modifi\u00e9es \u00e0 tout moment, et les modifications entreront en vigueur au moment de leur publication.<\/p><h3><b>PASSIF<\/b><\/h3><p>Dans les limites \u00e9tablies par la loi, le fournisseur n&rsquo;assume aucune responsabilit\u00e9 quant au manque de v\u00e9racit\u00e9, d&rsquo;exhaustivit\u00e9, de mise \u00e0 jour et d&rsquo;exactitude des donn\u00e9es ou des informations contenues sur son site web.<\/p><p>Le contenu et les informations du site n&rsquo;engagent pas le prestataire et ne constituent pas non plus des opinions, des conseils ou des avis juridiques de quelque nature que ce soit, puisqu&rsquo;il s&rsquo;agit simplement d&rsquo;un service d&rsquo;information et d&rsquo;information.<\/p><p>Le site web du prestataire peut contenir des liens vers d&rsquo;autres sites de tiers que le prestataire ne peut pas contr\u00f4ler, de sorte que le prestataire n&rsquo;assume aucune responsabilit\u00e9 quant \u00e0 leur contenu. Nonobstant ce qui pr\u00e9c\u00e8de, le fournisseur d\u00e9clare qu&rsquo;il retirera imm\u00e9diatement tout contenu susceptible de violer le droit national ou international, la morale ou l&rsquo;ordre public, en proc\u00e9dant au retrait imm\u00e9diat de la redirection vers ce site web, en portant le contenu en question \u00e0 l&rsquo;attention des autorit\u00e9s comp\u00e9tentes.<\/p><p>Le prestataire n&rsquo;est pas responsable des informations et contenus stock\u00e9s, notamment, mais sans s&rsquo;y limiter, sur les forums, chats, blogs g\u00e9n\u00e9rateurs, commentaires, r\u00e9seaux sociaux ou tout autre moyen permettant \u00e0 des tiers de publier des contenus de mani\u00e8re ind\u00e9pendante sur le site web du prestataire. Toutefois, le fournisseur est \u00e0 la disposition de tous les utilisateurs, des autorit\u00e9s et des forces de s\u00e9curit\u00e9, et collabore activement \u00e0 la suppression ou au blocage de tout contenu susceptible d&rsquo;affecter ou de contrevenir au droit national ou international, aux droits des tiers ou aux bonnes m\u0153urs et \u00e0 l&rsquo;ordre public. Si l&rsquo;utilisateur consid\u00e8re qu&rsquo;il existe sur le site Web un contenu susceptible d&rsquo;\u00eatre class\u00e9 dans cette cat\u00e9gorie, il est pri\u00e9 d&rsquo;en informer imm\u00e9diatement le fournisseur.<\/p><p>L&rsquo;utilisateur doit, en tout \u00e9tat de cause, disposer d&rsquo;outils ad\u00e9quats pour la d\u00e9tection et la d\u00e9sinfection des programmes informatiques nuisibles, et le prestataire n&rsquo;est pas responsable des dommages qui pourraient \u00eatre caus\u00e9s \u00e0 l&rsquo;\u00e9quipement informatique des utilisateurs ou de tiers pendant la prestation du service web.<\/p><p>Le fournisseur n&rsquo;est pas responsable des dommages caus\u00e9s \u00e0 l&rsquo;\u00e9quipement informatique des utilisateurs ou des tiers lors de la fourniture du service de portail. L&rsquo;acc\u00e8s au portail n&rsquo;implique aucune obligation de la part du fournisseur de contr\u00f4ler l&rsquo;absence de virus, de vers ou de tout autre \u00e9l\u00e9ment informatique nuisible. Il appartient \u00e0 l&rsquo;utilisateur, en tout \u00e9tat de cause, de disposer d&rsquo;outils ad\u00e9quats pour la d\u00e9tection et la d\u00e9sinfection des programmes informatiques nuisibles.<\/p><p>Le site Web est con\u00e7u pour fonctionner correctement 365 jours par an, 24 heures sur 24, bien que l&rsquo;acc\u00e8s au Web n\u00e9cessite des services et des fournitures de tiers dont la qualit\u00e9, la continuit\u00e9 et le fonctionnement ne correspondent pas \u00e0 ceux du fournisseur, et par cons\u00e9quent, le fournisseur n&rsquo;est pas responsable des dommages de toute nature caus\u00e9s \u00e0 l&rsquo;utilisateur qui sont caus\u00e9s par des d\u00e9faillances ou des d\u00e9connexions dans les r\u00e9seaux de t\u00e9l\u00e9communications. De m\u00eame, le fournisseur se r\u00e9serve le droit d&rsquo;interrompre l&rsquo;acc\u00e8s \u00e0 son site Web ou \u00e0 l&rsquo;un de ses contenus \u00e0 tout moment et sans pr\u00e9avis.<\/p><h3><b>PROPRI\u00c9T\u00c9 INTELLECTUELLE ET INDUSTRIELLE<\/b><\/h3><p>Ce site web et son contenu sont prot\u00e9g\u00e9s par la l\u00e9gislation en vigueur en mati\u00e8re de propri\u00e9t\u00e9 intellectuelle. Le site web, y compris, mais sans s&rsquo;y limiter, la programmation, les logiciels, l&rsquo;\u00e9dition, la compilation et les autres \u00e9l\u00e9ments n\u00e9cessaires \u00e0 son fonctionnement, ainsi que les marques, noms commerciaux, dessins, logos, textes et\/ou graphiques sont la propri\u00e9t\u00e9 du fournisseur, ou si vous disposez d&rsquo;une licence ou d&rsquo;une autorisation expresse de la part des auteurs. Il est express\u00e9ment interdit tout acte de transmission, de distribution, de transfert, de reproduction, de stockage ou de communication publique totale ou partielle.<\/p><p>Tous les produits et services figurant sur ces pages qui n&rsquo;appartiennent pas au fournisseur sont des marques d\u00e9pos\u00e9es par leurs propri\u00e9taires respectifs et sont reconnues comme telles par notre organisation. Ils n&rsquo;apparaissent sur le web qu&rsquo;\u00e0 des fins promotionnelles et de collecte d&rsquo;informations, et leurs propri\u00e9taires peuvent demander la modification ou l&rsquo;\u00e9limination des informations qui leur appartiennent.<\/p><h3><b>OBLIGATION D&rsquo;UTILISER CORRECTEMENT LE SITE WEB<\/b><\/h3><p>L&rsquo;utilisateur s&rsquo;engage \u00e0 utiliser le site web conform\u00e9ment \u00e0 la loi et au pr\u00e9sent avis juridique, ainsi qu&rsquo;\u00e0 la morale et aux bonnes m\u0153urs. \u00c0 cette fin, l&rsquo;utilisateur s&rsquo;abstiendra d&rsquo;utiliser le site \u00e0 des fins ill\u00e9gales ou interdites, pr\u00e9judiciables aux droits et aux int\u00e9r\u00eats d&rsquo;autrui, ou de toute mani\u00e8re susceptible d&rsquo;endommager, de mettre hors service, de surcharger, de compromettre ou d&#8217;emp\u00eacher l&rsquo;utilisation normale de l&rsquo;\u00e9quipement informatique ou des documents, fichiers et toutes sortes de contenus stock\u00e9s sur tout \u00e9quipement informatique du fournisseur.<\/p><p>L&rsquo;utilisateur sera responsable \u00e0 l&rsquo;\u00e9gard du prestataire ou de tiers de tout dommage qui pourrait r\u00e9sulter d&rsquo;un manquement \u00e0 cette obligation.<\/p><h3><b>LA NAVIGATION SUR LE WEB (COOKIES)<\/b><\/h3><p>Le site web utilise ses propres cookies et ceux de tiers. Des informations sp\u00e9cifiques sur l&rsquo;utilisation des cookies sont fournies dans le lien correspondant sur la page d&rsquo;accueil du site web politique en mati\u00e8re de <a href=\"\/fr\/politique-cookies\/\"><strong>cookies<\/strong><\/a> sur ce site web.<\/p><h3><b>PROTECTION DES DONN\u00c9ES<\/b><\/h3><p>Pour l&rsquo;utilisation de certains contenus ou services, le fournisseur peut demander \u00e0 l&rsquo;utilisateur de fournir certaines donn\u00e9es personnelles. Dans ces cas, le prestataire fournira \u00e0 l&rsquo;utilisateur les informations n\u00e9cessaires afin qu&rsquo;il puisse, au pr\u00e9alable, donner son consentement expr\u00e8s au traitement de ses donn\u00e9es personnelles.<\/p><p>Aussi, conform\u00e9ment au R\u00e8glement g\u00e9n\u00e9ral sur la protection des donn\u00e9es (UE) 2016\/679 et \u00e0 la r\u00e9glementation applicable, nous vous informons que les donn\u00e9es fournies par vous seront trait\u00e9es par WINTERFIELD, afin de vous offrir et de vous fournir le service demand\u00e9 et de vous envoyer les informations requises. La base juridique du traitement de vos donn\u00e9es est l&rsquo;ex\u00e9cution du service demand\u00e9 par vous et votre fid\u00e9lit\u00e9 en tant que client, sur la base de votre consentement. Toutes les donn\u00e9es collect\u00e9es font l&rsquo;objet d&rsquo;un engagement de confidentialit\u00e9, avec les mesures de s\u00e9curit\u00e9 pr\u00e9vues par la loi, et ne sont en aucun cas c\u00e9d\u00e9es ou trait\u00e9es par des tiers sans le consentement pr\u00e9alable du client, sauf dans les cas o\u00f9 cela est indispensable \u00e0 la bonne ex\u00e9cution du service ou dans les cas o\u00f9 il existe une obligation l\u00e9gale. Les donn\u00e9es fournies seront conserv\u00e9es aussi longtemps que vous ne nous demanderez pas de cesser l&rsquo;activit\u00e9. Vous avez le droit d&rsquo;obtenir des informations sur le traitement de vos donn\u00e9es personnelles par WINTERFIELD, et donc d&rsquo;exercer vos droits d&rsquo;acc\u00e8s, de rectification, de suppression et de portabilit\u00e9 des donn\u00e9es, ainsi que d&rsquo;opposition et de limitation de leur traitement aupr\u00e8s de Winterfield S.L., ci-apr\u00e8s WINTERFIELD, avec CIF 10672053, adresse \u00e0 Hacienda Beach II-III, n\u00ba 160 (M\u00e1laga) ou \u00e0 l&rsquo;adresse \u00e9lectronique info@winterfield.com, en joignant votre pi\u00e8ce d&rsquo;identit\u00e9 ou un document \u00e9quivalent. De m\u00eame, et surtout si vous consid\u00e9rez que vous n&rsquo;avez pas obtenu pleine satisfaction dans l&rsquo;exercice de vos droits, vous pouvez introduire une r\u00e9clamation aupr\u00e8s de l&rsquo;autorit\u00e9 nationale de contr\u00f4le en vous adressant \u00e0 l&rsquo;Agence espagnole de protection des donn\u00e9es, C\/ Jorge Juan, n\u00ba 6 &#8211; 28001 Madrid.<\/p><h3><b>DROIT APPLICABLE ET JURIDICTION<\/b><\/h3><p>Les parties se soumettent express\u00e9ment \u00e0 la loi espagnole et aux Cours et Tribunaux de Marbella, pour la r\u00e9solution de tout litige ou question en rapport avec ce site web ou les activit\u00e9s qui y sont d\u00e9velopp\u00e9es, renon\u00e7ant \u00e0 l&rsquo;utilisateur \u00e0 toute autre juridiction qui pourrait correspondre.<\/p>\t\t\t\t\t\t<\/div>\n\t\t\t\t<\/div>\n\t\t\t\t\t<\/div>\n\t\t<\/div>\n\t\t\t\t\t\t\t<\/div>\n\t\t<\/section>\n\t\t\t\t\t\t\t<\/div>\n\t\t","protected":false},"excerpt":{"rendered":"<p>Avis L\u00e9gal Conform\u00e9ment \u00e0 l&rsquo;article 10 de la loi 34\/2002 sur les services de la soci\u00e9t\u00e9 de l&rsquo;information et du commerce \u00e9lectronique, nous informons l&rsquo;utilisateur de nos donn\u00e9es d&rsquo;identification: PROPRI\u00c9TAIRE DU SITE WEB Winterfield S.L. CIF: B50768217Adresse:\u00a0Hacienda Beach II-III, n\u00ba 160, Estepona (M\u00e1laga)E-mail: info@winterfield.comT\u00e9l\u00e9phone: 607858685 Site web: www.winterfield.es OBJET Le pr\u00e9sent avis juridique contient les conditions g\u00e9n\u00e9rales d&rsquo;acc\u00e8s et d&rsquo;utilisation de ce site Web, &#8230;<\/p>\n","protected":false},"author":1,"featured_media":0,"parent":0,"menu_order":0,"comment_status":"closed","ping_status":"closed","template":"elementor_header_footer","meta":{"inline_featured_image":false,"footnotes":""},"yoast_head":"<!-- This site is optimized with the Yoast SEO Premium plugin v20.7 (Yoast SEO v20.10) - https:\/\/yoast.com\/wordpress\/plugins\/seo\/ -->\n<title>Avis L\u00e9gal - Winterfield<\/title>\n<meta name=\"robots\" content=\"index, follow, max-snippet:-1, max-image-preview:large, max-video-preview:-1\" \/>\n<link rel=\"canonical\" href=\"https:\/\/www.winterfield.es\/fr\/avis-legal\/\" \/>\n<meta property=\"og:locale\" content=\"fr_FR\" \/>\n<meta property=\"og:type\" content=\"article\" \/>\n<meta property=\"og:title\" content=\"Avis L\u00e9gal\" \/>\n<meta property=\"og:description\" content=\"Avis L\u00e9gal Conform\u00e9ment \u00e0 l&rsquo;article 10 de la loi 34\/2002 sur les services de la soci\u00e9t\u00e9 de l&rsquo;information et du commerce \u00e9lectronique, nous informons l&rsquo;utilisateur de nos donn\u00e9es d&rsquo;identification: PROPRI\u00c9TAIRE DU SITE WEB Winterfield S.L. CIF: B50768217Adresse:\u00a0Hacienda Beach II-III, n\u00ba 160, Estepona (M\u00e1laga)E-mail: info@winterfield.comT\u00e9l\u00e9phone: 607858685 Site web: www.winterfield.es OBJET Le pr\u00e9sent avis juridique contient les conditions g\u00e9n\u00e9rales d&rsquo;acc\u00e8s et d&rsquo;utilisation de ce site Web, ...\" \/>\n<meta property=\"og:url\" content=\"https:\/\/www.winterfield.es\/fr\/avis-legal\/\" \/>\n<meta property=\"og:site_name\" content=\"Winterfield\" \/>\n<meta property=\"article:modified_time\" content=\"2023-06-20T07:29:20+00:00\" \/>\n<meta name=\"twitter:card\" content=\"summary_large_image\" \/>\n<meta name=\"twitter:label1\" content=\"Dur\u00e9e de lecture estim\u00e9e\" \/>\n\t<meta name=\"twitter:data1\" content=\"7 minutes\" \/>\n<script type=\"application\/ld+json\" class=\"yoast-schema-graph\">{\"@context\":\"https:\/\/schema.org\",\"@graph\":[{\"@type\":\"WebPage\",\"@id\":\"https:\/\/www.winterfield.es\/fr\/avis-legal\/\",\"url\":\"https:\/\/www.winterfield.es\/fr\/avis-legal\/\",\"name\":\"Avis L\u00e9gal - Winterfield\",\"isPartOf\":{\"@id\":\"https:\/\/www.winterfield.es\/#website\"},\"datePublished\":\"2023-05-02T06:56:13+00:00\",\"dateModified\":\"2023-06-20T07:29:20+00:00\",\"breadcrumb\":{\"@id\":\"https:\/\/www.winterfield.es\/fr\/avis-legal\/#breadcrumb\"},\"inLanguage\":\"fr-FR\",\"potentialAction\":[{\"@type\":\"ReadAction\",\"target\":[\"https:\/\/www.winterfield.es\/fr\/avis-legal\/\"]}]},{\"@type\":\"BreadcrumbList\",\"@id\":\"https:\/\/www.winterfield.es\/fr\/avis-legal\/#breadcrumb\",\"itemListElement\":[{\"@type\":\"ListItem\",\"position\":1,\"name\":\"Portada\",\"item\":\"https:\/\/www.winterfield.es\/fr\/accueil\/\"},{\"@type\":\"ListItem\",\"position\":2,\"name\":\"Avis L\u00e9gal\"}]},{\"@type\":\"WebSite\",\"@id\":\"https:\/\/www.winterfield.es\/#website\",\"url\":\"https:\/\/www.winterfield.es\/\",\"name\":\"Winterfield\",\"description\":\"\",\"potentialAction\":[{\"@type\":\"SearchAction\",\"target\":{\"@type\":\"EntryPoint\",\"urlTemplate\":\"https:\/\/www.winterfield.es\/?s={search_term_string}\"},\"query-input\":\"required name=search_term_string\"}],\"inLanguage\":\"fr-FR\"}]}<\/script>\n<!-- \/ Yoast SEO Premium plugin. -->","yoast_head_json":{"title":"Avis L\u00e9gal - Winterfield","robots":{"index":"index","follow":"follow","max-snippet":"max-snippet:-1","max-image-preview":"max-image-preview:large","max-video-preview":"max-video-preview:-1"},"canonical":"https:\/\/www.winterfield.es\/fr\/avis-legal\/","og_locale":"fr_FR","og_type":"article","og_title":"Avis L\u00e9gal","og_description":"Avis L\u00e9gal Conform\u00e9ment \u00e0 l&rsquo;article 10 de la loi 34\/2002 sur les services de la soci\u00e9t\u00e9 de l&rsquo;information et du commerce \u00e9lectronique, nous informons l&rsquo;utilisateur de nos donn\u00e9es d&rsquo;identification: PROPRI\u00c9TAIRE DU SITE WEB Winterfield S.L. CIF: B50768217Adresse:\u00a0Hacienda Beach II-III, n\u00ba 160, Estepona (M\u00e1laga)E-mail: info@winterfield.comT\u00e9l\u00e9phone: 607858685 Site web: www.winterfield.es OBJET Le pr\u00e9sent avis juridique contient les conditions g\u00e9n\u00e9rales d&rsquo;acc\u00e8s et d&rsquo;utilisation de ce site Web, ...","og_url":"https:\/\/www.winterfield.es\/fr\/avis-legal\/","og_site_name":"Winterfield","article_modified_time":"2023-06-20T07:29:20+00:00","twitter_card":"summary_large_image","twitter_misc":{"Dur\u00e9e de lecture estim\u00e9e":"7 minutes"},"schema":{"@context":"https:\/\/schema.org","@graph":[{"@type":"WebPage","@id":"https:\/\/www.winterfield.es\/fr\/avis-legal\/","url":"https:\/\/www.winterfield.es\/fr\/avis-legal\/","name":"Avis L\u00e9gal - Winterfield","isPartOf":{"@id":"https:\/\/www.winterfield.es\/#website"},"datePublished":"2023-05-02T06:56:13+00:00","dateModified":"2023-06-20T07:29:20+00:00","breadcrumb":{"@id":"https:\/\/www.winterfield.es\/fr\/avis-legal\/#breadcrumb"},"inLanguage":"fr-FR","potentialAction":[{"@type":"ReadAction","target":["https:\/\/www.winterfield.es\/fr\/avis-legal\/"]}]},{"@type":"BreadcrumbList","@id":"https:\/\/www.winterfield.es\/fr\/avis-legal\/#breadcrumb","itemListElement":[{"@type":"ListItem","position":1,"name":"Portada","item":"https:\/\/www.winterfield.es\/fr\/accueil\/"},{"@type":"ListItem","position":2,"name":"Avis L\u00e9gal"}]},{"@type":"WebSite","@id":"https:\/\/www.winterfield.es\/#website","url":"https:\/\/www.winterfield.es\/","name":"Winterfield","description":"","potentialAction":[{"@type":"SearchAction","target":{"@type":"EntryPoint","urlTemplate":"https:\/\/www.winterfield.es\/?s={search_term_string}"},"query-input":"required name=search_term_string"}],"inLanguage":"fr-FR"}]}},"_links":{"self":[{"href":"https:\/\/www.winterfield.es\/fr\/wp-json\/wp\/v2\/pages\/32725"}],"collection":[{"href":"https:\/\/www.winterfield.es\/fr\/wp-json\/wp\/v2\/pages"}],"about":[{"href":"https:\/\/www.winterfield.es\/fr\/wp-json\/wp\/v2\/types\/page"}],"author":[{"embeddable":true,"href":"https:\/\/www.winterfield.es\/fr\/wp-json\/wp\/v2\/users\/1"}],"replies":[{"embeddable":true,"href":"https:\/\/www.winterfield.es\/fr\/wp-json\/wp\/v2\/comments?post=32725"}],"version-history":[{"count":0,"href":"https:\/\/www.winterfield.es\/fr\/wp-json\/wp\/v2\/pages\/32725\/revisions"}],"wp:attachment":[{"href":"https:\/\/www.winterfield.es\/fr\/wp-json\/wp\/v2\/media?parent=32725"}],"curies":[{"name":"wp","href":"https:\/\/api.w.org\/{rel}","templated":true}]}}