{"id":32730,"date":"2023-01-16T11:40:50","date_gmt":"2023-01-16T11:40:50","guid":{"rendered":"https:\/\/winterfield.es\/about-us\/"},"modified":"2023-07-10T13:36:58","modified_gmt":"2023-07-10T13:36:58","slug":"a-propos-de-nous","status":"publish","type":"page","link":"https:\/\/www.winterfield.es\/fr\/a-propos-de-nous\/","title":{"rendered":"A propos de nous"},"content":{"rendered":"\t\t<div data-elementor-type=\"wp-page\" data-elementor-id=\"32730\" class=\"elementor elementor-32730 elementor-30925\">\n\t\t\t\t\t\t\t\t\t<section class=\"elementor-section elementor-top-section elementor-element elementor-element-1f83642 animated-slow elementor-section-content-middle elementor-section-stretched elementor-section-boxed elementor-section-height-default elementor-section-height-default elementor-invisible\" data-id=\"1f83642\" data-element_type=\"section\" data-settings=\"{&quot;background_background&quot;:&quot;classic&quot;,&quot;animation&quot;:&quot;fadeIn&quot;,&quot;stretch_section&quot;:&quot;section-stretched&quot;,&quot;shape_divider_bottom&quot;:&quot;arrow&quot;,&quot;shape_divider_bottom_negative&quot;:&quot;yes&quot;}\">\n\t\t\t\t\t\t\t<div class=\"elementor-background-overlay\"><\/div>\n\t\t\t\t\t\t<div class=\"elementor-shape elementor-shape-bottom\" data-negative=\"true\">\n\t\t\t<svg xmlns=\"http:\/\/www.w3.org\/2000\/svg\" viewBox=\"0 0 700 10\" preserveAspectRatio=\"none\">\n\t<path class=\"elementor-shape-fill\" d=\"M360 0L350 9.9 340 0 0 0 0 10 700 10 700 0\"\/>\n<\/svg>\t\t<\/div>\n\t\t\t\t\t<div class=\"elementor-container elementor-column-gap-no\">\n\t\t\t\t\t<div class=\"elementor-column elementor-col-100 elementor-top-column elementor-element elementor-element-9c1afc7\" data-id=\"9c1afc7\" data-element_type=\"column\" data-settings=\"{&quot;background_background&quot;:&quot;classic&quot;}\">\n\t\t\t<div class=\"elementor-widget-wrap elementor-element-populated\">\n\t\t\t\t\t\t\t\t<div class=\"elementor-element elementor-element-3c78d57 elementor-widget elementor-widget-heading\" data-id=\"3c78d57\" data-element_type=\"widget\" data-widget_type=\"heading.default\">\n\t\t\t\t<div class=\"elementor-widget-container\">\n\t\t\t<style>\/*! elementor - v3.12.1 - 02-04-2023 *\/\n.elementor-heading-title{padding:0;margin:0;line-height:1}.elementor-widget-heading .elementor-heading-title[class*=elementor-size-]>a{color:inherit;font-size:inherit;line-height:inherit}.elementor-widget-heading .elementor-heading-title.elementor-size-small{font-size:15px}.elementor-widget-heading .elementor-heading-title.elementor-size-medium{font-size:19px}.elementor-widget-heading .elementor-heading-title.elementor-size-large{font-size:29px}.elementor-widget-heading .elementor-heading-title.elementor-size-xl{font-size:39px}.elementor-widget-heading .elementor-heading-title.elementor-size-xxl{font-size:59px}<\/style><h2 class=\"elementor-heading-title elementor-size-default\">\u00c0 propos de nous<\/h2>\t\t<\/div>\n\t\t\t\t<\/div>\n\t\t\t\t\t<\/div>\n\t\t<\/div>\n\t\t\t\t\t\t\t<\/div>\n\t\t<\/section>\n\t\t\t\t<section class=\"elementor-section elementor-top-section elementor-element elementor-element-49b48a2 elementor-section-boxed elementor-section-height-default elementor-section-height-default\" data-id=\"49b48a2\" data-element_type=\"section\">\n\t\t\t\t\t\t<div class=\"elementor-container elementor-column-gap-wider\">\n\t\t\t\t\t<div class=\"elementor-column elementor-col-50 elementor-top-column elementor-element elementor-element-fd3f07e\" data-id=\"fd3f07e\" data-element_type=\"column\">\n\t\t\t<div class=\"elementor-widget-wrap elementor-element-populated\">\n\t\t\t\t\t\t\t\t<div class=\"elementor-element elementor-element-3193ad0 elementor-invisible elementor-widget elementor-widget-text-editor\" data-id=\"3193ad0\" data-element_type=\"widget\" data-settings=\"{&quot;_animation&quot;:&quot;fadeIn&quot;,&quot;_animation_delay&quot;:50}\" data-widget_type=\"text-editor.default\">\n\t\t\t\t<div class=\"elementor-widget-container\">\n\t\t\t<style>\/*! elementor - v3.12.1 - 02-04-2023 *\/\n.elementor-widget-text-editor.elementor-drop-cap-view-stacked .elementor-drop-cap{background-color:#69727d;color:#fff}.elementor-widget-text-editor.elementor-drop-cap-view-framed .elementor-drop-cap{color:#69727d;border:3px solid;background-color:transparent}.elementor-widget-text-editor:not(.elementor-drop-cap-view-default) .elementor-drop-cap{margin-top:8px}.elementor-widget-text-editor:not(.elementor-drop-cap-view-default) .elementor-drop-cap-letter{width:1em;height:1em}.elementor-widget-text-editor .elementor-drop-cap{float:left;text-align:center;line-height:1;font-size:50px}.elementor-widget-text-editor .elementor-drop-cap-letter{display:inline-block}<\/style>\t\t\t\t<p>Winterfield Realty est une agence immobili\u00e8re sp\u00e9cialis\u00e9e dans la <b>Costa del Sol<\/b> occidentale, \u00e0 Malaga. Nous vous proposons tous les nouveaux projets en cours de construction, ainsi qu&rsquo;une grande vari\u00e9t\u00e9 d&rsquo;appartements, de maisons et de villas d&rsquo;occasion.<\/p><p>Notre engagement est <b>une attention hautement personnalis\u00e9e,<\/b> de la premi\u00e8re recherche de la propri\u00e9t\u00e9 jusqu&rsquo;\u00e0 la finalisation de l&rsquo;achat, en vous aidant avec notre exp\u00e9rience tout au long du processus.<\/p>\t\t\t\t\t\t<\/div>\n\t\t\t\t<\/div>\n\t\t\t\t<div class=\"elementor-element elementor-element-4c904d0 elementor-align-justify elementor-widget elementor-widget-button\" data-id=\"4c904d0\" data-element_type=\"widget\" data-widget_type=\"button.default\">\n\t\t\t\t<div class=\"elementor-widget-container\">\n\t\t\t\t\t<div class=\"elementor-button-wrapper\">\n\t\t\t<a href=\"\/fr\/contactez-nous\/\" class=\"elementor-button-link elementor-button elementor-size-sm\" role=\"button\">\n\t\t\t\t\t\t<span class=\"elementor-button-content-wrapper\">\n\t\t\t\t\t\t<span class=\"elementor-button-text\">Contactez Nous<\/span>\n\t\t<\/span>\n\t\t\t\t\t<\/a>\n\t\t<\/div>\n\t\t\t\t<\/div>\n\t\t\t\t<\/div>\n\t\t\t\t\t<\/div>\n\t\t<\/div>\n\t\t\t\t<div class=\"elementor-column elementor-col-50 elementor-top-column elementor-element elementor-element-71e8ca1\" data-id=\"71e8ca1\" data-element_type=\"column\">\n\t\t\t<div class=\"elementor-widget-wrap elementor-element-populated\">\n\t\t\t\t\t\t\t\t<div class=\"elementor-element elementor-element-ed46fba elementor-widget elementor-widget-image\" data-id=\"ed46fba\" data-element_type=\"widget\" data-widget_type=\"image.default\">\n\t\t\t\t<div class=\"elementor-widget-container\">\n\t\t\t<style>\/*! elementor - v3.12.1 - 02-04-2023 *\/\n.elementor-widget-image{text-align:center}.elementor-widget-image a{display:inline-block}.elementor-widget-image a img[src$=\".svg\"]{width:48px}.elementor-widget-image img{vertical-align:middle;display:inline-block}<\/style>\t\t\t\t\t\t\t\t\t\t\t\t<img loading=\"lazy\" decoding=\"async\" width=\"464\" height=\"311\" src=\"https:\/\/www.winterfield.es\/wp-content\/uploads\/2023\/05\/sobre-nosotros-winterfield.jpg\" class=\"attachment-full size-full wp-image-33178\" alt=\"Inmobiliaria en Estepona\" srcset=\"https:\/\/www.winterfield.es\/wp-content\/uploads\/2023\/05\/sobre-nosotros-winterfield.jpg 464w, https:\/\/www.winterfield.es\/wp-content\/uploads\/2023\/05\/sobre-nosotros-winterfield-300x201.jpg 300w, https:\/\/www.winterfield.es\/wp-content\/uploads\/2023\/05\/sobre-nosotros-winterfield-105x70.jpg 105w\" sizes=\"(max-width: 464px) 100vw, 464px\" \/>\t\t\t\t\t\t\t\t\t\t\t\t\t\t\t<\/div>\n\t\t\t\t<\/div>\n\t\t\t\t\t<\/div>\n\t\t<\/div>\n\t\t\t\t\t\t\t<\/div>\n\t\t<\/section>\n\t\t\t\t\t\t\t<\/div>\n\t\t","protected":false},"excerpt":{"rendered":"<p>\u00c0 propos de nous Winterfield Realty est une agence immobili\u00e8re sp\u00e9cialis\u00e9e dans la Costa del Sol occidentale, \u00e0 Malaga. Nous vous proposons tous les nouveaux projets en cours de construction, ainsi qu&rsquo;une grande vari\u00e9t\u00e9 d&rsquo;appartements, de maisons et de villas d&rsquo;occasion. Notre engagement est une attention hautement personnalis\u00e9e, de la premi\u00e8re recherche de la propri\u00e9t\u00e9 jusqu&rsquo;\u00e0 la finalisation de l&rsquo;achat, en vous aidant avec &#8230;<\/p>\n","protected":false},"author":1,"featured_media":33635,"parent":0,"menu_order":0,"comment_status":"closed","ping_status":"closed","template":"elementor_header_footer","meta":{"inline_featured_image":false,"footnotes":""},"yoast_head":"<!-- This site is optimized with the Yoast SEO Premium plugin v20.7 (Yoast SEO v20.10) - https:\/\/yoast.com\/wordpress\/plugins\/seo\/ -->\n<title>A propos de nous - Winterfield<\/title>\n<meta name=\"description\" content=\"Nous sommes une agence immobili\u00e8re sp\u00e9cialis\u00e9e dans la Costa del Sol occidentale de Malaga (Estepona et Marbella).\" \/>\n<meta name=\"robots\" content=\"index, follow, max-snippet:-1, max-image-preview:large, max-video-preview:-1\" \/>\n<link rel=\"canonical\" href=\"https:\/\/www.winterfield.es\/fr\/a-propos-de-nous\/\" \/>\n<meta property=\"og:locale\" content=\"fr_FR\" \/>\n<meta property=\"og:type\" content=\"article\" \/>\n<meta property=\"og:title\" content=\"A propos de nous\" \/>\n<meta property=\"og:description\" content=\"Nous sommes une agence immobili\u00e8re sp\u00e9cialis\u00e9e dans la Costa del Sol occidentale de Malaga (Estepona et Marbella).\" \/>\n<meta property=\"og:url\" content=\"https:\/\/www.winterfield.es\/fr\/a-propos-de-nous\/\" \/>\n<meta property=\"og:site_name\" content=\"Winterfield\" \/>\n<meta property=\"article:modified_time\" content=\"2023-07-10T13:36:58+00:00\" \/>\n<meta property=\"og:image\" content=\"https:\/\/www.winterfield.es\/wp-content\/uploads\/2023\/07\/imagen-destacada-sobre-nosotros.webp\" \/>\n\t<meta property=\"og:image:width\" content=\"1200\" \/>\n\t<meta property=\"og:image:height\" content=\"628\" \/>\n\t<meta property=\"og:image:type\" content=\"image\/webp\" \/>\n<meta name=\"twitter:card\" content=\"summary_large_image\" \/>\n<meta name=\"twitter:label1\" content=\"Dur\u00e9e de lecture estim\u00e9e\" \/>\n\t<meta name=\"twitter:data1\" content=\"1 minute\" \/>\n<script type=\"application\/ld+json\" class=\"yoast-schema-graph\">{\"@context\":\"https:\/\/schema.org\",\"@graph\":[{\"@type\":\"WebPage\",\"@id\":\"https:\/\/www.winterfield.es\/fr\/a-propos-de-nous\/\",\"url\":\"https:\/\/www.winterfield.es\/fr\/a-propos-de-nous\/\",\"name\":\"A propos de nous - Winterfield\",\"isPartOf\":{\"@id\":\"https:\/\/www.winterfield.es\/#website\"},\"datePublished\":\"2023-01-16T11:40:50+00:00\",\"dateModified\":\"2023-07-10T13:36:58+00:00\",\"description\":\"Nous sommes une agence immobili\u00e8re sp\u00e9cialis\u00e9e dans la Costa del Sol occidentale de Malaga (Estepona et Marbella).\",\"breadcrumb\":{\"@id\":\"https:\/\/www.winterfield.es\/fr\/a-propos-de-nous\/#breadcrumb\"},\"inLanguage\":\"fr-FR\",\"potentialAction\":[{\"@type\":\"ReadAction\",\"target\":[\"https:\/\/www.winterfield.es\/fr\/a-propos-de-nous\/\"]}]},{\"@type\":\"BreadcrumbList\",\"@id\":\"https:\/\/www.winterfield.es\/fr\/a-propos-de-nous\/#breadcrumb\",\"itemListElement\":[{\"@type\":\"ListItem\",\"position\":1,\"name\":\"Portada\",\"item\":\"https:\/\/www.winterfield.es\/fr\/accueil\/\"},{\"@type\":\"ListItem\",\"position\":2,\"name\":\"A propos de nous\"}]},{\"@type\":\"WebSite\",\"@id\":\"https:\/\/www.winterfield.es\/#website\",\"url\":\"https:\/\/www.winterfield.es\/\",\"name\":\"Winterfield\",\"description\":\"\",\"potentialAction\":[{\"@type\":\"SearchAction\",\"target\":{\"@type\":\"EntryPoint\",\"urlTemplate\":\"https:\/\/www.winterfield.es\/?s={search_term_string}\"},\"query-input\":\"required name=search_term_string\"}],\"inLanguage\":\"fr-FR\"}]}<\/script>\n<!-- \/ Yoast SEO Premium plugin. -->","yoast_head_json":{"title":"A propos de nous - Winterfield","description":"Nous sommes une agence immobili\u00e8re sp\u00e9cialis\u00e9e dans la Costa del Sol occidentale de Malaga (Estepona et Marbella).","robots":{"index":"index","follow":"follow","max-snippet":"max-snippet:-1","max-image-preview":"max-image-preview:large","max-video-preview":"max-video-preview:-1"},"canonical":"https:\/\/www.winterfield.es\/fr\/a-propos-de-nous\/","og_locale":"fr_FR","og_type":"article","og_title":"A propos de nous","og_description":"Nous sommes une agence immobili\u00e8re sp\u00e9cialis\u00e9e dans la Costa del Sol occidentale de Malaga (Estepona et Marbella).","og_url":"https:\/\/www.winterfield.es\/fr\/a-propos-de-nous\/","og_site_name":"Winterfield","article_modified_time":"2023-07-10T13:36:58+00:00","og_image":[{"width":1200,"height":628,"url":"https:\/\/www.winterfield.es\/wp-content\/uploads\/2023\/07\/imagen-destacada-sobre-nosotros.webp","type":"image\/webp"}],"twitter_card":"summary_large_image","twitter_misc":{"Dur\u00e9e de lecture estim\u00e9e":"1 minute"},"schema":{"@context":"https:\/\/schema.org","@graph":[{"@type":"WebPage","@id":"https:\/\/www.winterfield.es\/fr\/a-propos-de-nous\/","url":"https:\/\/www.winterfield.es\/fr\/a-propos-de-nous\/","name":"A propos de nous - Winterfield","isPartOf":{"@id":"https:\/\/www.winterfield.es\/#website"},"datePublished":"2023-01-16T11:40:50+00:00","dateModified":"2023-07-10T13:36:58+00:00","description":"Nous sommes une agence immobili\u00e8re sp\u00e9cialis\u00e9e dans la Costa del Sol occidentale de Malaga (Estepona et Marbella).","breadcrumb":{"@id":"https:\/\/www.winterfield.es\/fr\/a-propos-de-nous\/#breadcrumb"},"inLanguage":"fr-FR","potentialAction":[{"@type":"ReadAction","target":["https:\/\/www.winterfield.es\/fr\/a-propos-de-nous\/"]}]},{"@type":"BreadcrumbList","@id":"https:\/\/www.winterfield.es\/fr\/a-propos-de-nous\/#breadcrumb","itemListElement":[{"@type":"ListItem","position":1,"name":"Portada","item":"https:\/\/www.winterfield.es\/fr\/accueil\/"},{"@type":"ListItem","position":2,"name":"A propos de nous"}]},{"@type":"WebSite","@id":"https:\/\/www.winterfield.es\/#website","url":"https:\/\/www.winterfield.es\/","name":"Winterfield","description":"","potentialAction":[{"@type":"SearchAction","target":{"@type":"EntryPoint","urlTemplate":"https:\/\/www.winterfield.es\/?s={search_term_string}"},"query-input":"required name=search_term_string"}],"inLanguage":"fr-FR"}]}},"_links":{"self":[{"href":"https:\/\/www.winterfield.es\/fr\/wp-json\/wp\/v2\/pages\/32730"}],"collection":[{"href":"https:\/\/www.winterfield.es\/fr\/wp-json\/wp\/v2\/pages"}],"about":[{"href":"https:\/\/www.winterfield.es\/fr\/wp-json\/wp\/v2\/types\/page"}],"author":[{"embeddable":true,"href":"https:\/\/www.winterfield.es\/fr\/wp-json\/wp\/v2\/users\/1"}],"replies":[{"embeddable":true,"href":"https:\/\/www.winterfield.es\/fr\/wp-json\/wp\/v2\/comments?post=32730"}],"version-history":[{"count":0,"href":"https:\/\/www.winterfield.es\/fr\/wp-json\/wp\/v2\/pages\/32730\/revisions"}],"wp:featuredmedia":[{"embeddable":true,"href":"https:\/\/www.winterfield.es\/fr\/wp-json\/wp\/v2\/media\/33635"}],"wp:attachment":[{"href":"https:\/\/www.winterfield.es\/fr\/wp-json\/wp\/v2\/media?parent=32730"}],"curies":[{"name":"wp","href":"https:\/\/api.w.org\/{rel}","templated":true}]}}